{"id":1148,"date":"2025-09-10T02:19:50","date_gmt":"2025-09-10T02:19:50","guid":{"rendered":"http:\/\/localhost\/jackduky\/?post_type=product&#038;p=1148"},"modified":"2025-09-13T02:06:13","modified_gmt":"2025-09-13T02:06:13","slug":"quan-ao-thoi-trang-thai-lan-copy","status":"publish","type":"product","link":"https:\/\/jackdukyshop.com\/?product=quan-ao-thoi-trang-thai-lan-copy","title":{"rendered":"H\u0169 H\u00edt Th\u1ea3o D\u01b0\u1ee3c Hong Thai 20g"},"content":{"rendered":"<p><strong data-start=\"209\" data-end=\"225\">Th\u01b0\u01a1ng hi\u1ec7u:<\/strong> Hong Thai<br data-start=\"235\" data-end=\"238\" \/><strong data-start=\"238\" data-end=\"250\">Xu\u1ea5t x\u1ee9:<\/strong> Th\u00e1i Lan<br data-start=\"259\" data-end=\"262\" \/><strong data-start=\"262\" data-end=\"278\">Tr\u1ecdng l\u01b0\u1ee3ng:<\/strong> 20g<br data-start=\"282\" data-end=\"285\" \/><strong data-start=\"285\" data-end=\"301\">H\u1ea1n s\u1eed d\u1ee5ng:<\/strong> 3 n\u0103m k\u1ec3 t\u1eeb ng\u00e0y s\u1ea3n xu\u1ea5t<\/p>\n<h2 data-start=\"430\" data-end=\"451\">\u2705 M\u00f4 T\u1ea3 S\u1ea3n Ph\u1ea9m<\/h2>\n<p data-start=\"452\" data-end=\"624\">H\u0169 h\u00edt th\u1ea3o d\u01b0\u1ee3c Hong Thai l\u00e0 s\u1ea3n ph\u1ea9m <strong data-start=\"491\" data-end=\"520\">truy\u1ec1n th\u1ed1ng c\u1ee7a Th\u00e1i Lan<\/strong>, \u0111\u01b0\u1ee3c chi\u1ebft xu\u1ea5t t\u1eeb <strong data-start=\"541\" data-end=\"573\">15 lo\u1ea1i th\u1ea3o m\u1ed9c thi\u00ean nhi\u00ean<\/strong> qu\u00fd hi\u1ebfm. V\u1edbi h\u01b0\u01a1ng th\u01a1m d\u1ec5 ch\u1ecbu, s\u1ea3n ph\u1ea9m gi\u00fap:<\/p>\n<ul data-start=\"625\" data-end=\"805\">\n<li data-start=\"625\" data-end=\"654\">\n<p data-start=\"627\" data-end=\"654\">Gi\u1ea3m ngh\u1eb9t m\u0169i, t\u1eafc ng\u1ef1c.<\/p>\n<\/li>\n<li data-start=\"655\" data-end=\"693\">\n<p data-start=\"657\" data-end=\"693\">Gi\u1ea3m \u0111au \u0111\u1ea7u, ch\u00f3ng m\u1eb7t, bu\u1ed3n n\u00f4n.<\/p>\n<\/li>\n<li data-start=\"694\" data-end=\"743\">\n<p data-start=\"696\" data-end=\"743\">H\u1ed7 tr\u1ee3 gi\u1ea3m tri\u1ec7u ch\u1ee9ng vi\u00eam xoang, vi\u00eam m\u0169i.<\/p>\n<\/li>\n<li data-start=\"744\" data-end=\"805\">\n<p data-start=\"746\" data-end=\"805\">Mang l\u1ea1i c\u1ea3m gi\u00e1c th\u01b0 gi\u00e3n, d\u1ec5 ch\u1ecbu, tinh th\u1ea7n tho\u1ea3i m\u00e1i.<\/p>\n<\/li>\n<\/ul>\n<hr data-start=\"807\" data-end=\"810\" \/>\n<h2 data-start=\"812\" data-end=\"836\">\ud83c\udf31 \u0110\u1eb7c \u0110i\u1ec3m N\u1ed5i B\u1eadt<\/h2>\n<ul data-start=\"837\" data-end=\"1142\">\n<li data-start=\"837\" data-end=\"898\">\n<p data-start=\"839\" data-end=\"898\"><strong data-start=\"839\" data-end=\"861\">Th\u00f4ng m\u0169i, d\u1ec5 th\u1edf:<\/strong> H\u1ed7 tr\u1ee3 gi\u1ea3m ngh\u1eb9t m\u0169i, vi\u00eam xoang.<\/p>\n<\/li>\n<li data-start=\"899\" data-end=\"984\">\n<p data-start=\"901\" data-end=\"984\"><strong data-start=\"901\" data-end=\"930\">Gi\u1ea3m \u0111au \u0111\u1ea7u &amp; ch\u00f3ng m\u1eb7t:<\/strong> C\u00f3 t\u00e1c d\u1ee5ng nhanh khi h\u00edt ho\u1eb7c thoa l\u00ean th\u00e1i d\u01b0\u01a1ng.<\/p>\n<\/li>\n<li data-start=\"985\" data-end=\"1073\">\n<p data-start=\"987\" data-end=\"1073\"><strong data-start=\"987\" data-end=\"1013\">Th\u1ea3o d\u01b0\u1ee3c thi\u00ean nhi\u00ean:<\/strong> Chi\u1ebft xu\u1ea5t t\u1eeb 15 lo\u1ea1i th\u1ea3o m\u1ed9c, an to\u00e0n, \u00edt g\u00e2y k\u00edch \u1ee9ng.<\/p>\n<\/li>\n<li data-start=\"1074\" data-end=\"1142\">\n<p data-start=\"1076\" data-end=\"1142\"><strong data-start=\"1076\" data-end=\"1089\">Ti\u1ec7n l\u1ee3i:<\/strong> Nh\u1ecf g\u1ecdn, d\u1ec5 mang theo khi \u0111i h\u1ecdc, \u0111i l\u00e0m, du l\u1ecbch.<\/p>\n<\/li>\n<\/ul>\n<hr data-start=\"1144\" data-end=\"1147\" \/>\n<h2 data-start=\"1149\" data-end=\"1166\">\ud83d\udca1 C\u00e1ch D\u00f9ng<\/h2>\n<ul data-start=\"1167\" data-end=\"1288\">\n<li data-start=\"1167\" data-end=\"1224\">\n<p data-start=\"1169\" data-end=\"1224\"><strong data-start=\"1169\" data-end=\"1186\">H\u00edt tr\u1ef1c ti\u1ebfp<\/strong> t\u1eeb h\u0169 \u0111\u1ec3 gi\u1ea3m ngh\u1eb9t m\u0169i, ch\u00f3ng m\u1eb7t.<\/p>\n<\/li>\n<li data-start=\"1225\" data-end=\"1288\">\n<p data-start=\"1227\" data-end=\"1288\"><strong data-start=\"1227\" data-end=\"1239\">Thoa nh\u1eb9<\/strong> l\u00ean v\u00f9ng th\u00e1i d\u01b0\u01a1ng \u0111\u1ec3 gi\u1ea3m \u0111au \u0111\u1ea7u, bu\u1ed3n n\u00f4n.<\/p>\n<\/li>\n<\/ul>\n<hr data-start=\"1290\" data-end=\"1293\" \/>\n<h2 data-start=\"1295\" data-end=\"1308\">\u26a0\ufe0f L\u01b0u \u00dd<\/h2>\n<ul data-start=\"1309\" data-end=\"1441\">\n<li data-start=\"1309\" data-end=\"1334\">\n<p data-start=\"1311\" data-end=\"1334\">\u0110\u1ec3 xa t\u1ea7m tay tr\u1ebb em.<\/p>\n<\/li>\n<li data-start=\"1335\" data-end=\"1377\">\n<p data-start=\"1337\" data-end=\"1377\">Kh\u00f4ng s\u1eed d\u1ee5ng cho tr\u1ebb nh\u1ecf d\u01b0\u1edbi 2 tu\u1ed5i.<\/p>\n<\/li>\n<li data-start=\"1378\" data-end=\"1441\">\n<p data-start=\"1380\" data-end=\"1441\">B\u1ea3o qu\u1ea3n n\u01a1i kh\u00f4 r\u00e1o, tho\u00e1ng m\u00e1t, tr\u00e1nh \u00e1nh n\u1eafng tr\u1ef1c ti\u1ebfp.<\/p>\n<\/li>\n<\/ul>\n<hr data-start=\"1443\" data-end=\"1446\" \/>\n<p data-start=\"1448\" data-end=\"1677\">\ud83d\udc49 <strong data-start=\"1451\" data-end=\"1485\">H\u0169 h\u00edt th\u1ea3o d\u01b0\u1ee3c Hong Thai 20g<\/strong> \u2013 b\u00ed quy\u1ebft truy\u1ec1n th\u1ed1ng t\u1eeb Th\u00e1i Lan gi\u00fap b\u1ea1n <strong data-start=\"1531\" data-end=\"1586\">th\u00f4ng m\u0169i, th\u01b0 gi\u00e3n tinh th\u1ea7n, gi\u1ea3m \u0111au \u0111\u1ea7u t\u1ee9c th\u00ec<\/strong>.<br data-start=\"1587\" data-end=\"1590\" \/>\ud83c\udf1f \u0110\u1eb7t h\u00e0ng ngay h\u00f4m nay \u0111\u1ec3 tr\u1ea3i nghi\u1ec7m c\u00f4ng d\u1ee5ng tuy\u1ec7t v\u1eddi t\u1eeb th\u1ea3o d\u01b0\u1ee3c thi\u00ean nhi\u00ean!<\/p>\n","protected":false},"excerpt":{"rendered":"<p>Th\u01b0\u01a1ng hi\u1ec7u: Hong ThaiXu\u1ea5t x\u1ee9: Th\u00e1i LanTr\u1ecdng l\u01b0\u1ee3ng: 20gH\u1ea1n s\u1eed d\u1ee5ng: 3 n\u0103m k\u1ec3 t\u1eeb ng\u00e0y s\u1ea3n xu\u1ea5t \u2705 M\u00f4 T\u1ea3 S\u1ea3n Ph\u1ea9m H\u0169 h\u00edt th\u1ea3o d\u01b0\u1ee3c Hong Thai l\u00e0 s\u1ea3n ph\u1ea9m truy\u1ec1n th\u1ed1ng c\u1ee7a Th\u00e1i Lan, \u0111\u01b0\u1ee3c chi\u1ebft xu\u1ea5t t\u1eeb 15 lo\u1ea1i th\u1ea3o m\u1ed9c thi\u00ean nhi\u00ean qu\u00fd hi\u1ebfm. V\u1edbi h\u01b0\u01a1ng th\u01a1m d\u1ec5 ch\u1ecbu, s\u1ea3n&#8230;<\/p>\n","protected":false},"featured_media":1318,"comment_status":"open","ping_status":"closed","template":"","meta":[],"product_cat":[21,44],"product_tag":[77],"class_list":{"0":"post-1148","1":"product","2":"type-product","3":"status-publish","4":"has-post-thumbnail","6":"product_cat-hang-thai-lan-xach-tay","7":"product_cat-ong-hit-thao-duoc","8":"product_tag-onghitthaoduoc","10":"first","11":"instock","12":"shipping-taxable","13":"purchasable","14":"product-type-simple"},"_links":{"self":[{"href":"https:\/\/jackdukyshop.com\/index.php?rest_route=\/wp\/v2\/product\/1148","targetHints":{"allow":["GET"]}}],"collection":[{"href":"https:\/\/jackdukyshop.com\/index.php?rest_route=\/wp\/v2\/product"}],"about":[{"href":"https:\/\/jackdukyshop.com\/index.php?rest_route=\/wp\/v2\/types\/product"}],"replies":[{"embeddable":true,"href":"https:\/\/jackdukyshop.com\/index.php?rest_route=%2Fwp%2Fv2%2Fcomments&post=1148"}],"wp:featuredmedia":[{"embeddable":true,"href":"https:\/\/jackdukyshop.com\/index.php?rest_route=\/wp\/v2\/media\/1318"}],"wp:attachment":[{"href":"https:\/\/jackdukyshop.com\/index.php?rest_route=%2Fwp%2Fv2%2Fmedia&parent=1148"}],"wp:term":[{"taxonomy":"product_cat","embeddable":true,"href":"https:\/\/jackdukyshop.com\/index.php?rest_route=%2Fwp%2Fv2%2Fproduct_cat&post=1148"},{"taxonomy":"product_tag","embeddable":true,"href":"https:\/\/jackdukyshop.com\/index.php?rest_route=%2Fwp%2Fv2%2Fproduct_tag&post=1148"}],"curies":[{"name":"wp","href":"https:\/\/api.w.org\/{rel}","templated":true}]}}