{"id":1149,"date":"2025-09-10T02:20:07","date_gmt":"2025-09-10T02:20:07","guid":{"rendered":"http:\/\/localhost\/jackduky\/?post_type=product&#038;p=1149"},"modified":"2025-09-14T06:01:56","modified_gmt":"2025-09-14T06:01:56","slug":"quan-ao-thoi-trang-thai-lan-copy-copy","status":"publish","type":"product","link":"https:\/\/jackdukyshop.com\/?product=quan-ao-thoi-trang-thai-lan-copy-copy","title":{"rendered":"D\u1ea7u xoa b\u00f3p th\u1ea3o m\u1ed9c Th\u00e1i Lan"},"content":{"rendered":"<h2 data-start=\"169\" data-end=\"184\">Gi\u1edbi thi\u1ec7u<\/h2>\n<p data-start=\"185\" data-end=\"354\">D\u1ea7u xoa b\u00f3p \u0111\u01b0\u1ee3c chi\u1ebft xu\u1ea5t t\u1eeb <strong data-start=\"216\" data-end=\"272\">c\u00e1c lo\u1ea1i th\u1ea3o m\u1ed9c tr\u1ecb li\u1ec7u truy\u1ec1n th\u1ed1ng c\u1ee7a Th\u00e1i Lan<\/strong>, mang l\u1ea1i hi\u1ec7u qu\u1ea3 cao trong vi\u1ec7c gi\u1ea3m \u0111au nh\u1ee9c v\u00e0 ch\u0103m s\u00f3c s\u1ee9c kh\u1ecfe h\u1eb1ng ng\u00e0y.<\/p>\n<h2 data-start=\"356\" data-end=\"370\">C\u00f4ng d\u1ee5ng<\/h2>\n<ul data-start=\"371\" data-end=\"642\">\n<li data-start=\"371\" data-end=\"424\">\n<p data-start=\"373\" data-end=\"424\">Gi\u1ea3m nh\u1ee9c m\u1ecfi, \u0111au l\u01b0ng, \u0111au c\u01a1 do v\u1eadn \u0111\u1ed9ng m\u1ea1nh.<\/p>\n<\/li>\n<li data-start=\"425\" data-end=\"483\">\n<p data-start=\"427\" data-end=\"483\">H\u1ed7 tr\u1ee3 gi\u1ea3m \u0111au x\u01b0\u01a1ng kh\u1edbp, \u0111\u1eb7c bi\u1ec7t \u1edf ng\u01b0\u1eddi l\u1edbn tu\u1ed5i.<\/p>\n<\/li>\n<li data-start=\"484\" data-end=\"525\">\n<p data-start=\"486\" data-end=\"525\">Gi\u00fap gi\u1ea3m t\u00ecnh tr\u1ea1ng t\u00ea tay, t\u00ea ch\u00e2n.<\/p>\n<\/li>\n<li data-start=\"526\" data-end=\"560\">\n<p data-start=\"528\" data-end=\"560\">Gi\u1eef \u1ea5m c\u01a1 th\u1ec3 khi b\u1ecb c\u1ea3m l\u1ea1nh.<\/p>\n<\/li>\n<li data-start=\"561\" data-end=\"599\">\n<p data-start=\"563\" data-end=\"599\">Xoa b\u00f3p hi\u1ec7u qu\u1ea3 t\u1ea1i v\u00f9ng b\u1ea7m t\u00edm.<\/p>\n<\/li>\n<li data-start=\"600\" data-end=\"642\">\n<p data-start=\"602\" data-end=\"642\">L\u00e0m d\u1ecbu nhanh v\u1ebft c\u00f4n tr\u00f9ng \u0111\u1ed1t (c\u1eafn).<\/p>\n<\/li>\n<\/ul>\n<h2 data-start=\"644\" data-end=\"661\">\u0110i\u1ec3m n\u1ed5i b\u1eadt<\/h2>\n<ul data-start=\"662\" data-end=\"904\">\n<li data-start=\"662\" data-end=\"749\">\n<p data-start=\"664\" data-end=\"749\"><strong data-start=\"664\" data-end=\"707\">\u0110\u1ed9 n\u00f3ng cao nh\u01b0ng kh\u00f4ng g\u00e2y b\u1ecfng r\u00e1t da<\/strong>, mang l\u1ea1i c\u1ea3m gi\u00e1c d\u1ec5 ch\u1ecbu khi s\u1eed d\u1ee5ng.<\/p>\n<\/li>\n<li data-start=\"750\" data-end=\"904\">\n<p data-start=\"752\" data-end=\"772\">R\u1ea5t th\u00edch h\u1ee3p cho:<\/p>\n<ul data-start=\"775\" data-end=\"904\">\n<li data-start=\"775\" data-end=\"817\">\n<p data-start=\"777\" data-end=\"817\">Ng\u01b0\u1eddi cao tu\u1ed5i b\u1ecb \u0111au nh\u1ee9c x\u01b0\u01a1ng kh\u1edbp.<\/p>\n<\/li>\n<li data-start=\"820\" data-end=\"863\">\n<p data-start=\"822\" data-end=\"863\">Ng\u01b0\u1eddi v\u1eadn \u0111\u1ed9ng m\u1ea1nh, c\u0103ng c\u01a1, bong g\u00e2n.<\/p>\n<\/li>\n<li data-start=\"866\" data-end=\"904\">\n<p data-start=\"868\" data-end=\"904\">Ph\u1ee5 n\u1eef sau sinh c\u1ea7n gi\u1eef \u1ea5m c\u01a1 th\u1ec3.<\/p>\n<\/li>\n<li data-start=\"866\" data-end=\"904\"><strong>L\u01afU \u00dd: Ch\u1ec9 d\u00f9ng \u0111\u1ec3 b\u00f4i, tuy\u1ec7t \u0111\u1ed1i kh\u00f4ng u\u1ed1ng, s\u1ea3n ph\u1ea9m ch\u1ec9 l\u00e0 d\u1ea7u kh\u00f4ng ph\u1ea3i l\u00e0 thu\u1ed1c thay th\u1ebf thu\u1ed1c ch\u1eefa b\u1ec7nh<\/strong><\/li>\n<\/ul>\n<\/li>\n<\/ul>\n","protected":false},"excerpt":{"rendered":"<p>Gi\u1edbi thi\u1ec7u D\u1ea7u xoa b\u00f3p \u0111\u01b0\u1ee3c chi\u1ebft xu\u1ea5t t\u1eeb c\u00e1c lo\u1ea1i th\u1ea3o m\u1ed9c tr\u1ecb li\u1ec7u truy\u1ec1n th\u1ed1ng c\u1ee7a Th\u00e1i Lan, mang l\u1ea1i hi\u1ec7u qu\u1ea3 cao trong vi\u1ec7c gi\u1ea3m \u0111au nh\u1ee9c v\u00e0 ch\u0103m s\u00f3c s\u1ee9c kh\u1ecfe h\u1eb1ng ng\u00e0y. C\u00f4ng d\u1ee5ng Gi\u1ea3m nh\u1ee9c m\u1ecfi, \u0111au l\u01b0ng, \u0111au c\u01a1 do v\u1eadn \u0111\u1ed9ng m\u1ea1nh. H\u1ed7 tr\u1ee3 gi\u1ea3m \u0111au x\u01b0\u01a1ng&#8230;<\/p>\n","protected":false},"featured_media":1320,"comment_status":"open","ping_status":"closed","template":"","meta":[],"product_cat":[41,21],"product_tag":[73],"class_list":{"0":"post-1149","1":"product","2":"type-product","3":"status-publish","4":"has-post-thumbnail","6":"product_cat-dau-xoa-bop-xuong-khop","7":"product_cat-hang-thai-lan-xach-tay","8":"product_tag-dauxoabop","10":"first","11":"instock","12":"shipping-taxable","13":"purchasable","14":"product-type-simple"},"_links":{"self":[{"href":"https:\/\/jackdukyshop.com\/index.php?rest_route=\/wp\/v2\/product\/1149","targetHints":{"allow":["GET"]}}],"collection":[{"href":"https:\/\/jackdukyshop.com\/index.php?rest_route=\/wp\/v2\/product"}],"about":[{"href":"https:\/\/jackdukyshop.com\/index.php?rest_route=\/wp\/v2\/types\/product"}],"replies":[{"embeddable":true,"href":"https:\/\/jackdukyshop.com\/index.php?rest_route=%2Fwp%2Fv2%2Fcomments&post=1149"}],"wp:featuredmedia":[{"embeddable":true,"href":"https:\/\/jackdukyshop.com\/index.php?rest_route=\/wp\/v2\/media\/1320"}],"wp:attachment":[{"href":"https:\/\/jackdukyshop.com\/index.php?rest_route=%2Fwp%2Fv2%2Fmedia&parent=1149"}],"wp:term":[{"taxonomy":"product_cat","embeddable":true,"href":"https:\/\/jackdukyshop.com\/index.php?rest_route=%2Fwp%2Fv2%2Fproduct_cat&post=1149"},{"taxonomy":"product_tag","embeddable":true,"href":"https:\/\/jackdukyshop.com\/index.php?rest_route=%2Fwp%2Fv2%2Fproduct_tag&post=1149"}],"curies":[{"name":"wp","href":"https:\/\/api.w.org\/{rel}","templated":true}]}}