{"id":1150,"date":"2025-09-10T02:20:25","date_gmt":"2025-09-10T02:20:25","guid":{"rendered":"http:\/\/localhost\/jackduky\/?post_type=product&#038;p=1150"},"modified":"2025-09-13T02:07:49","modified_gmt":"2025-09-13T02:07:49","slug":"quan-ao-thoi-trang-thai-lan-copy-copy-copy","status":"publish","type":"product","link":"https:\/\/jackdukyshop.com\/?product=quan-ao-thoi-trang-thai-lan-copy-copy-copy","title":{"rendered":"D\u1ea7u l\u0103n 22 v\u1ecb th\u1ea3o d\u01b0\u1ee3c Shen Long"},"content":{"rendered":"<h2 data-start=\"331\" data-end=\"355\">\u2705 C\u00f4ng D\u1ee5ng N\u1ed5i B\u1eadt<\/h2>\n<ul data-start=\"356\" data-end=\"761\">\n<li data-start=\"356\" data-end=\"409\">\n<p data-start=\"358\" data-end=\"409\"><strong data-start=\"358\" data-end=\"407\">Gi\u1ea3m c\u1ea3m m\u1ea1o, vi\u00eam xoang, ch\u00f3ng m\u1eb7t, \u0111au \u0111\u1ea7u.<\/strong><\/p>\n<\/li>\n<li data-start=\"410\" data-end=\"455\">\n<p data-start=\"412\" data-end=\"455\">L\u00e0m d\u1ecbu c\u01a1n \u0111au r\u00e1t c\u1ed5 h\u1ecdng, ho, ng\u1ee9a c\u1ed5.<\/p>\n<\/li>\n<li data-start=\"456\" data-end=\"530\">\n<p data-start=\"458\" data-end=\"530\"><strong data-start=\"458\" data-end=\"472\">Ch\u1ed1ng vi\u00eam<\/strong>, l\u00e0m d\u1ecbu v\u1ebft \u0111\u1ecf, m\u1ea9n ng\u1ee9a do d\u1ecb \u1ee9ng ho\u1eb7c c\u00f4n tr\u00f9ng c\u1eafn.<\/p>\n<\/li>\n<li data-start=\"531\" data-end=\"607\">\n<p data-start=\"533\" data-end=\"607\">H\u1ed7 tr\u1ee3 <strong data-start=\"540\" data-end=\"575\">gi\u1ea3m \u0111au nh\u1ee9c c\u01a1 \u2013 x\u01b0\u01a1ng \u2013 kh\u1edbp<\/strong>, bong g\u00e2n, tr\u1eadt kh\u1edbp, t\u00ea t\u00e1i.<\/p>\n<\/li>\n<li data-start=\"608\" data-end=\"680\">\n<p data-start=\"610\" data-end=\"680\">Gi\u00fap <strong data-start=\"615\" data-end=\"634\">gi\u1ea3m say t\u00e0u xe<\/strong>, mang l\u1ea1i c\u1ea3m gi\u00e1c tho\u1ea3i m\u00e1i khi di chuy\u1ec3n.<\/p>\n<\/li>\n<li data-start=\"681\" data-end=\"761\">\n<p data-start=\"683\" data-end=\"761\"><strong data-start=\"683\" data-end=\"716\">Th\u00f4ng m\u0169i, tinh th\u1ea7n t\u1ec9nh t\u00e1o<\/strong>, lo\u1ea1i b\u1ecf m\u1ec7t m\u1ecfi, t\u0103ng kh\u1ea3 n\u0103ng t\u1eadp trung.<\/p>\n<\/li>\n<\/ul>\n<hr data-start=\"763\" data-end=\"766\" \/>\n<h2 data-start=\"768\" data-end=\"796\">\ud83c\udf31 Th\u00e0nh Ph\u1ea7n Th\u1ea3o D\u01b0\u1ee3c<\/h2>\n<p data-start=\"797\" data-end=\"852\">Chi\u1ebft xu\u1ea5t 100% t\u1eeb thi\u00ean nhi\u00ean, an to\u00e0n v\u00e0 l\u00e0nh t\u00ednh:<\/p>\n<ul data-start=\"853\" data-end=\"1038\">\n<li data-start=\"853\" data-end=\"889\">\n<p data-start=\"855\" data-end=\"889\">B\u1ea1c h\u00e0, \u0111inh h\u01b0\u01a1ng, khuynh di\u1ec7p.<\/p>\n<\/li>\n<li data-start=\"890\" data-end=\"927\">\n<p data-start=\"892\" data-end=\"927\">B\u1ea1ch \u0111\u1eadu kh\u1ea5u, nh\u00e2n s\u00e2m, hoa sen.<\/p>\n<\/li>\n<li data-start=\"928\" data-end=\"957\">\n<p data-start=\"930\" data-end=\"957\">Ngh\u1ec7 t\u01b0\u01a1i, ti\u00eau \u0111en, qu\u1ebf.<\/p>\n<\/li>\n<li data-start=\"958\" data-end=\"1038\">\n<p data-start=\"960\" data-end=\"1038\">K\u1ebft h\u1ee3p c\u00f9ng tinh ch\u1ea5t t\u1ef1 nhi\u00ean \u0111\u1ed9c quy\u1ec1n c\u1ee7a th\u01b0\u01a1ng hi\u1ec7u <strong data-start=\"1018\" data-end=\"1035\">OTOP Thailand<\/strong>.<\/p>\n<\/li>\n<\/ul>\n<hr data-start=\"1040\" data-end=\"1043\" \/>\n<h2 data-start=\"1045\" data-end=\"1065\">\ud83d\udca1 C\u00e1ch S\u1eed D\u1ee5ng<\/h2>\n<ul data-start=\"1066\" data-end=\"1419\">\n<li data-start=\"1066\" data-end=\"1160\">\n<p data-start=\"1068\" data-end=\"1160\"><strong data-start=\"1068\" data-end=\"1088\">\u0110au nh\u1ee9c c\u01a1 th\u1ec3:<\/strong> Thoa d\u1ea7u l\u00ean v\u00f9ng \u0111au, xoa b\u00f3p nh\u1eb9 nh\u00e0ng 2\u20133 ph\u00fat \u0111\u1ec3 th\u1ea5m s\u00e2u v\u00e0o c\u01a1.<\/p>\n<\/li>\n<li data-start=\"1161\" data-end=\"1257\">\n<p data-start=\"1163\" data-end=\"1257\"><strong data-start=\"1163\" data-end=\"1200\">Vi\u00eam xoang, vi\u00eam m\u0169i, d\u1ecb \u1ee9ng m\u00f9i:<\/strong> H\u00edt tr\u1ef1c ti\u1ebfp d\u1ea7u qua m\u0169i, gi\u00fap d\u1ec5 ch\u1ecbu, th\u00f4ng tho\u00e1ng.<\/p>\n<\/li>\n<li data-start=\"1258\" data-end=\"1332\">\n<p data-start=\"1260\" data-end=\"1332\"><strong data-start=\"1260\" data-end=\"1288\">Bu\u1ed3n ng\u1ee7, m\u1ea5t t\u1eadp trung:<\/strong> H\u00edt d\u1ea7u \u0111\u1ec3 tinh th\u1ea7n t\u1ec9nh t\u00e1o, ph\u1ea5n ch\u1ea5n.<\/p>\n<\/li>\n<li data-start=\"1333\" data-end=\"1419\">\n<p data-start=\"1335\" data-end=\"1419\"><strong data-start=\"1335\" data-end=\"1363\">M\u1ea9n ng\u1ee9a, c\u00f4n tr\u00f9ng c\u1eafn:<\/strong> Thoa tr\u1ef1c ti\u1ebfp l\u00ean v\u1ebft \u0111\u1ecf \u0111\u1ec3 gi\u1ea3m ng\u1ee9a v\u00e0 ch\u1ed1ng vi\u00eam.<\/p>\n<\/li>\n<\/ul>\n<hr data-start=\"1421\" data-end=\"1424\" \/>\n<h2 data-start=\"1426\" data-end=\"1451\">\u26a0\ufe0f L\u01b0u \u00dd Khi S\u1eed D\u1ee5ng<\/h2>\n<ul data-start=\"1452\" data-end=\"1592\">\n<li data-start=\"1452\" data-end=\"1516\">\n<p data-start=\"1454\" data-end=\"1516\">Kh\u00f4ng d\u00f9ng cho <strong data-start=\"1469\" data-end=\"1487\">ph\u1ee5 n\u1eef c\u00f3 thai<\/strong> v\u00e0 <strong data-start=\"1491\" data-end=\"1513\">tr\u1ebb em d\u01b0\u1edbi 1 tu\u1ed5i<\/strong>.<\/p>\n<\/li>\n<li data-start=\"1517\" data-end=\"1553\">\n<p data-start=\"1519\" data-end=\"1553\">Kh\u00f4ng b\u00f4i l\u00ean <strong data-start=\"1533\" data-end=\"1550\">v\u1ebft th\u01b0\u01a1ng h\u1edf<\/strong>.<\/p>\n<\/li>\n<li data-start=\"1554\" data-end=\"1592\">\n<p data-start=\"1556\" data-end=\"1592\">Tr\u00e1nh ti\u1ebfp x\u00fac v\u1edbi v\u00f9ng quanh m\u1eaft.<\/p>\n<\/li>\n<\/ul>\n<hr data-start=\"1594\" data-end=\"1597\" \/>\n<p data-start=\"1599\" data-end=\"1738\">\ud83d\udc49 <strong data-start=\"1602\" data-end=\"1637\">D\u1ea7u l\u0103n th\u1ea3o d\u01b0\u1ee3c OTOP Thailand<\/strong> \u2013 nh\u1ecf g\u1ecdn, ti\u1ec7n l\u1ee3i, mang \u0111\u1ebfn s\u1ef1 ch\u0103m s\u00f3c s\u1ee9c kh\u1ecfe t\u1ef1 nhi\u00ean, an to\u00e0n v\u00e0 hi\u1ec7u qu\u1ea3 cho m\u1ecdi gia \u0111\u00ecnh.<\/p>\n","protected":false},"excerpt":{"rendered":"<p>\u2705 C\u00f4ng D\u1ee5ng N\u1ed5i B\u1eadt Gi\u1ea3m c\u1ea3m m\u1ea1o, vi\u00eam xoang, ch\u00f3ng m\u1eb7t, \u0111au \u0111\u1ea7u. L\u00e0m d\u1ecbu c\u01a1n \u0111au r\u00e1t c\u1ed5 h\u1ecdng, ho, ng\u1ee9a c\u1ed5. Ch\u1ed1ng vi\u00eam, l\u00e0m d\u1ecbu v\u1ebft \u0111\u1ecf, m\u1ea9n ng\u1ee9a do d\u1ecb \u1ee9ng ho\u1eb7c c\u00f4n tr\u00f9ng c\u1eafn. H\u1ed7 tr\u1ee3 gi\u1ea3m \u0111au nh\u1ee9c c\u01a1 \u2013 x\u01b0\u01a1ng \u2013 kh\u1edbp, bong g\u00e2n, tr\u1eadt kh\u1edbp, t\u00ea t\u00e1i&#8230;.<\/p>\n","protected":false},"featured_media":1319,"comment_status":"open","ping_status":"closed","template":"","meta":[],"product_cat":[43,21],"product_tag":[76,75],"class_list":{"0":"post-1150","1":"product","2":"type-product","3":"status-publish","4":"has-post-thumbnail","6":"product_cat-dau-thao-duoc","7":"product_cat-hang-thai-lan-xach-tay","8":"product_tag-daulan","9":"product_tag-dauthaoduoc","11":"first","12":"instock","13":"shipping-taxable","14":"purchasable","15":"product-type-simple"},"_links":{"self":[{"href":"https:\/\/jackdukyshop.com\/index.php?rest_route=\/wp\/v2\/product\/1150","targetHints":{"allow":["GET"]}}],"collection":[{"href":"https:\/\/jackdukyshop.com\/index.php?rest_route=\/wp\/v2\/product"}],"about":[{"href":"https:\/\/jackdukyshop.com\/index.php?rest_route=\/wp\/v2\/types\/product"}],"replies":[{"embeddable":true,"href":"https:\/\/jackdukyshop.com\/index.php?rest_route=%2Fwp%2Fv2%2Fcomments&post=1150"}],"wp:featuredmedia":[{"embeddable":true,"href":"https:\/\/jackdukyshop.com\/index.php?rest_route=\/wp\/v2\/media\/1319"}],"wp:attachment":[{"href":"https:\/\/jackdukyshop.com\/index.php?rest_route=%2Fwp%2Fv2%2Fmedia&parent=1150"}],"wp:term":[{"taxonomy":"product_cat","embeddable":true,"href":"https:\/\/jackdukyshop.com\/index.php?rest_route=%2Fwp%2Fv2%2Fproduct_cat&post=1150"},{"taxonomy":"product_tag","embeddable":true,"href":"https:\/\/jackdukyshop.com\/index.php?rest_route=%2Fwp%2Fv2%2Fproduct_tag&post=1150"}],"curies":[{"name":"wp","href":"https:\/\/api.w.org\/{rel}","templated":true}]}}