{"id":1152,"date":"2025-09-10T02:21:05","date_gmt":"2025-09-10T02:21:05","guid":{"rendered":"http:\/\/localhost\/jackduky\/?post_type=product&#038;p=1152"},"modified":"2025-09-14T06:01:00","modified_gmt":"2025-09-14T06:01:00","slug":"quan-ao-thoi-trang-thai-lan-copy-copy-copy-copy","status":"publish","type":"product","link":"https:\/\/jackdukyshop.com\/?product=quan-ao-thoi-trang-thai-lan-copy-copy-copy-copy","title":{"rendered":"D\u1ea7u Th\u00e1i \u0110\u1ecf (Tr\u1eafng) Siang Pure"},"content":{"rendered":"<h2 data-start=\"194\" data-end=\"246\">V\u00ec sao Siang Pure Oil \u0111\u01b0\u1ee3c nhi\u1ec1u ng\u01b0\u1eddi y\u00eau th\u00edch?<\/h2>\n<p data-start=\"247\" data-end=\"548\">Siang Pure Oil l\u00e0 th\u01b0\u01a1ng hi\u1ec7u d\u1ea7u gi\u00f3 n\u1ed5i ti\u1ebfng t\u1ea1i Th\u00e1i Lan, quen thu\u1ed9c v\u00e0 g\u1ea7n g\u0169i v\u1edbi \u0111\u1eddi s\u1ed1ng h\u1eb1ng ng\u00e0y. S\u1ea3n ph\u1ea9m \u0111\u00e3 c\u00f3 m\u1eb7t t\u1ea1i nhi\u1ec1u c\u1eeda h\u00e0ng \u1edf Vi\u1ec7t Nam v\u00e0 nhanh ch\u00f3ng chi\u1ebfm \u0111\u01b0\u1ee3c c\u1ea3m t\u00ecnh nh\u1edd m\u00f9i h\u01b0\u01a1ng \u0111\u1ed9c \u0111\u00e1o t\u1eeb tinh d\u1ea7u thi\u00ean nhi\u00ean, gi\u00fap l\u00e0m d\u1ecbu c\u01a1 th\u1ec3 v\u00e0 gi\u1ea3m nhanh c\u00e1c c\u01a1n \u0111au \u0111\u1ea7u, c\u1ea3m l\u1ea1nh.<\/p>\n<p data-start=\"550\" data-end=\"699\">T\u1ea1i Th\u00e1i Lan, Siang Pure Oil lu\u00f4n n\u1eb1m trong top s\u1ea3n ph\u1ea9m b\u00e1n ch\u1ea1y, \u0111\u01b0\u1ee3c b\u00e0y b\u00e1n r\u1ed9ng r\u00e3i t\u1ea1i c\u00e1c khu ph\u1ed1 \u0111\u00f4ng \u0111\u00fac, trung t\u00e2m th\u01b0\u01a1ng m\u1ea1i v\u00e0 nh\u00e0 thu\u1ed1c.<\/p>\n<h2 data-start=\"701\" data-end=\"721\">C\u00f4ng d\u1ee5ng n\u1ed5i b\u1eadt<\/h2>\n<ul data-start=\"722\" data-end=\"1046\">\n<li data-start=\"722\" data-end=\"798\">\n<p data-start=\"724\" data-end=\"798\">Gi\u1ea3m nh\u1ee9c m\u1ecfi c\u01a1, \u0111au l\u01b0ng, \u0111au kh\u1edbp do t\u1eadp luy\u1ec7n ho\u1eb7c v\u1eadn \u0111\u1ed9ng qu\u00e1 s\u1ee9c.<\/p>\n<\/li>\n<li data-start=\"799\" data-end=\"884\">\n<p data-start=\"801\" data-end=\"884\">H\u1ed7 tr\u1ee3 gi\u1ea3m nhanh tri\u1ec7u ch\u1ee9ng \u0111au \u0111\u1ea7u, ch\u00f3ng m\u1eb7t, th\u1ea5p kh\u1edbp, bong g\u00e2n, tr\u1eadt kh\u1edbp.<\/p>\n<\/li>\n<li data-start=\"885\" data-end=\"919\">\n<p data-start=\"887\" data-end=\"919\">Gi\u1eef \u1ea5m c\u01a1 th\u1ec3 khi b\u1ecb c\u1ea3m l\u1ea1nh.<\/p>\n<\/li>\n<li data-start=\"920\" data-end=\"987\">\n<p data-start=\"922\" data-end=\"987\">Gi\u00fap tinh th\u1ea7n t\u1ec9nh t\u00e1o, s\u1ea3ng kho\u00e1i, xua tan m\u1ec7t m\u1ecfi h\u00e0ng ng\u00e0y.<\/p>\n<\/li>\n<li data-start=\"988\" data-end=\"1046\">\n<p data-start=\"990\" data-end=\"1046\">Gi\u1ea3m s\u01b0ng t\u1ea5y, ng\u1ee9a r\u00e1t t\u1ee9c th\u00ec t\u1ea1i v\u1ebft c\u00f4n tr\u00f9ng c\u1eafn.<\/p>\n<\/li>\n<\/ul>\n<h2 data-start=\"1048\" data-end=\"1067\">Th\u00e0nh ph\u1ea7n ch\u00ednh<\/h2>\n<p data-start=\"1068\" data-end=\"1138\">Chi\u1ebft xu\u1ea5t t\u1eeb c\u00e1c nguy\u00ean li\u1ec7u thi\u00ean nhi\u00ean t\u1ed1t cho s\u1ee9c kh\u1ecfe, bao g\u1ed3m:<\/p>\n<ul data-start=\"1139\" data-end=\"1222\">\n<li data-start=\"1139\" data-end=\"1149\">\n<p data-start=\"1141\" data-end=\"1149\">B\u1ea1c h\u00e0<\/p>\n<\/li>\n<li data-start=\"1150\" data-end=\"1165\">\n<p data-start=\"1152\" data-end=\"1165\">Khuynh di\u1ec7p<\/p>\n<\/li>\n<li data-start=\"1166\" data-end=\"1179\">\n<p data-start=\"1168\" data-end=\"1179\">H\u01b0\u01a1ng nhu<\/p>\n<\/li>\n<li data-start=\"1180\" data-end=\"1191\">\n<p data-start=\"1182\" data-end=\"1191\">Camphor<\/p>\n<\/li>\n<li data-start=\"1192\" data-end=\"1203\">\n<p data-start=\"1194\" data-end=\"1203\">Menthol<\/p>\n<\/li>\n<li data-start=\"1204\" data-end=\"1222\">\n<p data-start=\"1206\" data-end=\"1222\">Peppermint Oil<\/p>\n<\/li>\n<\/ul>\n<h2 data-start=\"1224\" data-end=\"1244\">H\u01b0\u1edbng d\u1eabn s\u1eed d\u1ee5ng<\/h2>\n<ul data-start=\"1245\" data-end=\"1479\">\n<li data-start=\"1245\" data-end=\"1293\">\n<p data-start=\"1247\" data-end=\"1293\"><strong data-start=\"1247\" data-end=\"1291\">Ch\u1ec9 d\u00f9ng ngo\u00e0i da, tuy\u1ec7t \u0111\u1ed1i kh\u00f4ng u\u1ed1ng.<\/strong><\/p>\n<\/li>\n<li data-start=\"1294\" data-end=\"1391\">\n<p data-start=\"1296\" data-end=\"1391\">Thoa v\u00e0o v\u1ecb tr\u00ed \u0111au nh\u1ee9c x\u01b0\u01a1ng kh\u1edbp, b\u1ea7m t\u00edm, bong g\u00e2n ho\u1eb7c v\u1ebft c\u00f4n tr\u00f9ng c\u1eafn (3\u20134 l\u1ea7n\/ng\u00e0y).<\/p>\n<\/li>\n<li data-start=\"1392\" data-end=\"1479\">\n<p data-start=\"1394\" data-end=\"1479\">Khi c\u1ea3m l\u1ea1nh, hoa m\u1eaft, ch\u00f3ng m\u1eb7t, \u0111au \u0111\u1ea7u: thoa ho\u1eb7c ng\u1eedi tr\u1ef1c ti\u1ebfp (3\u20134 l\u1ea7n\/ng\u00e0y).<\/p>\n<\/li>\n<\/ul>\n<h2 data-start=\"1481\" data-end=\"1501\">\u0110\u1ed1i t\u01b0\u1ee3ng s\u1eed d\u1ee5ng<\/h2>\n<ul data-start=\"1502\" data-end=\"1543\">\n<li data-start=\"1502\" data-end=\"1543\">\n<p data-start=\"1504\" data-end=\"1543\">Th\u00edch h\u1ee3p cho c\u1ea3 ng\u01b0\u1eddi l\u1edbn v\u00e0 tr\u1ebb em.<br \/>\n<strong>L\u01afU \u00dd: Ch\u1ec9 d\u00f9ng \u0111\u1ec3 b\u00f4i, tuy\u1ec7t \u0111\u1ed1i kh\u00f4ng u\u1ed1ng, s\u1ea3n ph\u1ea9m ch\u1ec9 l\u00e0 d\u1ea7u kh\u00f4ng ph\u1ea3i l\u00e0 thu\u1ed1c thay th\u1ebf thu\u1ed1c ch\u1eefa b\u1ec7nh<\/strong><\/p>\n<\/li>\n<\/ul>\n","protected":false},"excerpt":{"rendered":"<p>V\u00ec sao Siang Pure Oil \u0111\u01b0\u1ee3c nhi\u1ec1u ng\u01b0\u1eddi y\u00eau th\u00edch? Siang Pure Oil l\u00e0 th\u01b0\u01a1ng hi\u1ec7u d\u1ea7u gi\u00f3 n\u1ed5i ti\u1ebfng t\u1ea1i Th\u00e1i Lan, quen thu\u1ed9c v\u00e0 g\u1ea7n g\u0169i v\u1edbi \u0111\u1eddi s\u1ed1ng h\u1eb1ng ng\u00e0y. S\u1ea3n ph\u1ea9m \u0111\u00e3 c\u00f3 m\u1eb7t t\u1ea1i nhi\u1ec1u c\u1eeda h\u00e0ng \u1edf Vi\u1ec7t Nam v\u00e0 nhanh ch\u00f3ng chi\u1ebfm \u0111\u01b0\u1ee3c c\u1ea3m t\u00ecnh nh\u1edd m\u00f9i h\u01b0\u01a1ng&#8230;<\/p>\n","protected":false},"featured_media":1301,"comment_status":"open","ping_status":"closed","template":"","meta":[],"product_cat":[43,21],"product_tag":[75,73,74],"class_list":{"0":"post-1152","1":"product","2":"type-product","3":"status-publish","4":"has-post-thumbnail","6":"product_cat-dau-thao-duoc","7":"product_cat-hang-thai-lan-xach-tay","8":"product_tag-dauthaoduoc","9":"product_tag-dauxoabop","10":"product_tag-jackduky","12":"first","13":"instock","14":"shipping-taxable","15":"purchasable","16":"product-type-simple"},"_links":{"self":[{"href":"https:\/\/jackdukyshop.com\/index.php?rest_route=\/wp\/v2\/product\/1152","targetHints":{"allow":["GET"]}}],"collection":[{"href":"https:\/\/jackdukyshop.com\/index.php?rest_route=\/wp\/v2\/product"}],"about":[{"href":"https:\/\/jackdukyshop.com\/index.php?rest_route=\/wp\/v2\/types\/product"}],"replies":[{"embeddable":true,"href":"https:\/\/jackdukyshop.com\/index.php?rest_route=%2Fwp%2Fv2%2Fcomments&post=1152"}],"wp:featuredmedia":[{"embeddable":true,"href":"https:\/\/jackdukyshop.com\/index.php?rest_route=\/wp\/v2\/media\/1301"}],"wp:attachment":[{"href":"https:\/\/jackdukyshop.com\/index.php?rest_route=%2Fwp%2Fv2%2Fmedia&parent=1152"}],"wp:term":[{"taxonomy":"product_cat","embeddable":true,"href":"https:\/\/jackdukyshop.com\/index.php?rest_route=%2Fwp%2Fv2%2Fproduct_cat&post=1152"},{"taxonomy":"product_tag","embeddable":true,"href":"https:\/\/jackdukyshop.com\/index.php?rest_route=%2Fwp%2Fv2%2Fproduct_tag&post=1152"}],"curies":[{"name":"wp","href":"https:\/\/api.w.org\/{rel}","templated":true}]}}