{"id":1323,"date":"2025-10-03T11:47:24","date_gmt":"2025-10-03T11:47:24","guid":{"rendered":"https:\/\/jackduky.com\/?post_type=product&#038;p=1323"},"modified":"2025-10-03T11:49:28","modified_gmt":"2025-10-03T11:49:28","slug":"mam-ca-com-nha-lam","status":"publish","type":"product","link":"https:\/\/jackdukyshop.com\/?product=mam-ca-com-nha-lam","title":{"rendered":"M\u1eafm C\u00e1 C\u01a1m Nh\u00e0 L\u00e0m"},"content":{"rendered":"<ul data-start=\"210\" data-end=\"490\">\n<li data-start=\"210\" data-end=\"298\">\n<p data-start=\"212\" data-end=\"298\">\u0110\u00e2y l\u00e0 lo\u1ea1i <strong data-start=\"224\" data-end=\"243\">m\u1eafm c\u00e1 c\u01a1m \u0111\u00f9ng<\/strong> \u0111\u1eb7c bi\u1ec7t, d\u00f9ng \u0111\u1ec3 \u0103n s\u1ed1ng k\u00e8m nhi\u1ec1u m\u00f3n rau v\u00e0 th\u1ecbt.<\/p>\n<\/li>\n<li data-start=\"299\" data-end=\"411\">\n<p data-start=\"301\" data-end=\"411\">C\u00f4ng th\u1ee9c <strong data-start=\"311\" data-end=\"325\">gia truy\u1ec1n<\/strong> cho h\u01b0\u01a1ng v\u1ecb \u0111\u1eadm \u0111\u00e0, <strong data-start=\"347\" data-end=\"364\">kh\u00f4ng m\u1eb7n g\u1eaft<\/strong>, \u0111\u1eb7c bi\u1ec7t l\u00e0 <strong data-start=\"378\" data-end=\"408\">\u0103n xong kh\u00f4ng b\u1ecb kh\u00e1t n\u01b0\u1edbc<\/strong>.<\/p>\n<\/li>\n<li data-start=\"412\" data-end=\"490\">\n<p data-start=\"414\" data-end=\"490\">M\u1eafm ch\u1ec9 ngon nh\u1ea5t khi l\u00e0m \u0111\u00fang m\u00f9a, khi c\u00f3 c\u00e1 c\u01a1m t\u01b0\u01a1i ngon theo con n\u01b0\u1edbc.<\/p>\n<\/li>\n<\/ul>\n<hr data-start=\"492\" data-end=\"495\" \/>\n<h3 data-start=\"497\" data-end=\"516\">\ud83e\uddc2 Th\u00e0nh ph\u1ea7n<\/h3>\n<ul data-start=\"517\" data-end=\"579\">\n<li data-start=\"517\" data-end=\"532\">\n<p data-start=\"519\" data-end=\"532\">C\u00e1 c\u01a1m t\u01b0\u01a1i<\/p>\n<\/li>\n<li data-start=\"533\" data-end=\"542\">\n<p data-start=\"535\" data-end=\"542\">\u0110\u01b0\u1eddng<\/p>\n<\/li>\n<li data-start=\"543\" data-end=\"551\">\n<p data-start=\"545\" data-end=\"551\">Mu\u1ed1i<\/p>\n<\/li>\n<li data-start=\"552\" data-end=\"564\">\n<p data-start=\"554\" data-end=\"564\">B\u1ed9t ng\u1ecdt<\/p>\n<\/li>\n<li data-start=\"565\" data-end=\"572\">\n<p data-start=\"567\" data-end=\"572\">T\u1ecfi<\/p>\n<\/li>\n<li data-start=\"573\" data-end=\"579\">\n<p data-start=\"575\" data-end=\"579\">\u1edat<\/p>\n<\/li>\n<\/ul>\n<hr data-start=\"581\" data-end=\"584\" \/>\n<h3 data-start=\"586\" data-end=\"623\">\ud83c\udf74 C\u00e1ch b\u1ea3o qu\u1ea3n tr\u01b0\u1edbc khi d\u00f9ng<\/h3>\n<ul data-start=\"624\" data-end=\"1024\">\n<li data-start=\"624\" data-end=\"704\">\n<p data-start=\"626\" data-end=\"704\">Khi nh\u1eadn m\u1eafm, h\u00e3y ki\u1ec3m tra <strong data-start=\"653\" data-end=\"701\">d\u01b0\u1edbi \u0111\u00e1y keo c\u00f3 l\u1edbp n\u01b0\u1edbc kho\u1ea3ng 2cm hay ch\u01b0a<\/strong>.<\/p>\n<\/li>\n<li data-start=\"705\" data-end=\"1024\">\n<p data-start=\"707\" data-end=\"924\">N\u1ebfu ch\u01b0a c\u00f3 n\u01b0\u1edbc:<br data-start=\"724\" data-end=\"727\" \/>\ud83d\udc49 \u0110\u1eb7t keo m\u1eafm v\u00e0o ng\u0103n m\u00e1t t\u1ee7 l\u1ea1nh t\u1eeb <strong data-start=\"768\" data-end=\"782\">5 \u2013 7 ng\u00e0y<\/strong>.<br data-start=\"783\" data-end=\"786\" \/>\ud83d\udc49 Khi d\u01b0\u1edbi \u0111\u00e1y keo xu\u1ea5t hi\u1ec7n l\u1edbp n\u01b0\u1edbc v\u00e0 con m\u1eafm n\u1ed5i l\u00ean kho\u1ea3ng <strong data-start=\"853\" data-end=\"860\">2cm<\/strong>, l\u00fac \u0111\u00f3 m\u1eafm m\u1edbi \u0111\u1ea1t \u0111\u1ed9 ch\u00edn v\u00e0 th\u01a1m ngon, kh\u00f4ng c\u00f2n m\u00f9i tanh.<\/p>\n<blockquote data-start=\"927\" data-end=\"1024\">\n<p data-start=\"929\" data-end=\"1024\">(L\u01b0u \u00fd: M\u1eafm giao \u0111\u1ebfn kh\u00e1ch 100% l\u00e0 m\u1eafm m\u1edbi, n\u00ean c\u1ea7n th\u1eddi gian \u201cra n\u01b0\u1edbc\u201d \u0111\u1ec3 \u0111\u1ea1t \u0111\u1ed9 ngon nh\u1ea5t.)<\/p>\n<\/blockquote>\n<\/li>\n<\/ul>\n<hr data-start=\"1026\" data-end=\"1029\" \/>\n<h3 data-start=\"1031\" data-end=\"1056\">\ud83d\udc68\u200d\ud83c\udf73 C\u00e1ch ch\u1ebf bi\u1ebfn<\/h3>\n<ol data-start=\"1057\" data-end=\"1299\">\n<li data-start=\"1057\" data-end=\"1100\">\n<p data-start=\"1060\" data-end=\"1100\">Cho m\u1eafm c\u00e1 c\u01a1m ra t\u00f4, l\u01b0\u1ee3ng v\u1eeba \u0111\u1ee7 \u0103n.<\/p>\n<\/li>\n<li data-start=\"1101\" data-end=\"1168\">\n<p data-start=\"1104\" data-end=\"1168\"><strong data-start=\"1104\" data-end=\"1117\">V\u1eaft chanh<\/strong> v\u00e0o tr\u01b0\u1edbc, \u0111\u1ea3o \u0111\u1ec1u \u0111\u1ec3 c\u00e1 c\u01a1m th\u1ea5m v\u1ecb v\u00e0 s\u0103n l\u1ea1i.<\/p>\n<\/li>\n<li data-start=\"1169\" data-end=\"1242\">\n<p data-start=\"1172\" data-end=\"1242\">Th\u00eam <strong data-start=\"1177\" data-end=\"1196\">t\u1ecfi b\u0103m, \u1edbt b\u0103m<\/strong>, n\u00eam <strong data-start=\"1202\" data-end=\"1223\">\u0111\u01b0\u1eddng v\u00e0 b\u1ed9t ng\u1ecdt<\/strong> cho v\u1eeba kh\u1ea9u v\u1ecb.<\/p>\n<\/li>\n<li data-start=\"1243\" data-end=\"1299\">\n<p data-start=\"1246\" data-end=\"1299\">V\u1eady l\u00e0 b\u1ea1n \u0111\u00e3 c\u00f3 <strong data-start=\"1263\" data-end=\"1296\">m\u1ed9t ch\u00e9n m\u1eafm c\u00e1 c\u01a1m si\u00eau ngon<\/strong>.<\/p>\n<\/li>\n<\/ol>\n<hr data-start=\"1301\" data-end=\"1304\" \/>\n<h3 data-start=\"1306\" data-end=\"1326\">\ud83c\udf2e Th\u01b0\u1edfng th\u1ee9c<\/h3>\n<ul data-start=\"1327\" data-end=\"1417\">\n<li data-start=\"1327\" data-end=\"1362\">\n<p data-start=\"1329\" data-end=\"1362\">\u0102n k\u00e8m <strong data-start=\"1336\" data-end=\"1359\">rau s\u1ed1ng, th\u1ecbt lu\u1ed9c<\/strong>.<\/p>\n<\/li>\n<li data-start=\"1363\" data-end=\"1417\">\n<p data-start=\"1365\" data-end=\"1417\">Ho\u1eb7c ch\u1ea5m c\u00f9ng <strong data-start=\"1380\" data-end=\"1402\">c\u00f3c, \u1ed5i, xo\u00e0i, me\u2026<\/strong> \u0111\u1ec1u r\u1ea5t h\u1ee3p.<\/p>\n<\/li>\n<\/ul>\n<p>&nbsp;<\/p>\n<p><img loading=\"lazy\" decoding=\"async\" class=\"alignnone size-full wp-image-1325\" src=\"http:\/\/jackduky.com\/wp-content\/uploads\/2025\/10\/1.jpg\" alt=\"\" width=\"1080\" height=\"1351\" \/><\/p>\n<p><img loading=\"lazy\" decoding=\"async\" class=\"alignnone size-full wp-image-1326\" src=\"http:\/\/jackduky.com\/wp-content\/uploads\/2025\/10\/2.jpg\" alt=\"\" width=\"1080\" height=\"1351\" \/><\/p>\n","protected":false},"excerpt":{"rendered":"<p>\u0110\u00e2y l\u00e0 lo\u1ea1i m\u1eafm c\u00e1 c\u01a1m \u0111\u00f9ng \u0111\u1eb7c bi\u1ec7t, d\u00f9ng \u0111\u1ec3 \u0103n s\u1ed1ng k\u00e8m nhi\u1ec1u m\u00f3n rau v\u00e0 th\u1ecbt. C\u00f4ng th\u1ee9c gia truy\u1ec1n cho h\u01b0\u01a1ng v\u1ecb \u0111\u1eadm \u0111\u00e0, kh\u00f4ng m\u1eb7n g\u1eaft, \u0111\u1eb7c bi\u1ec7t l\u00e0 \u0103n xong kh\u00f4ng b\u1ecb kh\u00e1t n\u01b0\u1edbc. M\u1eafm ch\u1ec9 ngon nh\u1ea5t khi l\u00e0m \u0111\u00fang m\u00f9a, khi c\u00f3 c\u00e1 c\u01a1m t\u01b0\u01a1i ngon theo&#8230;<\/p>\n","protected":false},"featured_media":1324,"comment_status":"open","ping_status":"closed","template":"","meta":[],"product_cat":[65,70],"product_tag":[],"class_list":{"0":"post-1323","1":"product","2":"type-product","3":"status-publish","4":"has-post-thumbnail","6":"product_cat-dac-san-theo-mua","7":"product_cat-mam-ca-com","9":"first","10":"instock","11":"shipping-taxable","12":"purchasable","13":"product-type-simple"},"_links":{"self":[{"href":"https:\/\/jackdukyshop.com\/index.php?rest_route=\/wp\/v2\/product\/1323","targetHints":{"allow":["GET"]}}],"collection":[{"href":"https:\/\/jackdukyshop.com\/index.php?rest_route=\/wp\/v2\/product"}],"about":[{"href":"https:\/\/jackdukyshop.com\/index.php?rest_route=\/wp\/v2\/types\/product"}],"replies":[{"embeddable":true,"href":"https:\/\/jackdukyshop.com\/index.php?rest_route=%2Fwp%2Fv2%2Fcomments&post=1323"}],"wp:featuredmedia":[{"embeddable":true,"href":"https:\/\/jackdukyshop.com\/index.php?rest_route=\/wp\/v2\/media\/1324"}],"wp:attachment":[{"href":"https:\/\/jackdukyshop.com\/index.php?rest_route=%2Fwp%2Fv2%2Fmedia&parent=1323"}],"wp:term":[{"taxonomy":"product_cat","embeddable":true,"href":"https:\/\/jackdukyshop.com\/index.php?rest_route=%2Fwp%2Fv2%2Fproduct_cat&post=1323"},{"taxonomy":"product_tag","embeddable":true,"href":"https:\/\/jackdukyshop.com\/index.php?rest_route=%2Fwp%2Fv2%2Fproduct_tag&post=1323"}],"curies":[{"name":"wp","href":"https:\/\/api.w.org\/{rel}","templated":true}]}}