{"id":1332,"date":"2025-10-29T13:24:29","date_gmt":"2025-10-29T13:24:29","guid":{"rendered":"https:\/\/jackduky.com\/?post_type=product&#038;p=1332"},"modified":"2025-10-29T13:24:29","modified_gmt":"2025-10-29T13:24:29","slug":"kho-ca-duoi-tam-vi-thom-ngon-chuan-vi-bien","status":"publish","type":"product","link":"https:\/\/jackdukyshop.com\/?product=kho-ca-duoi-tam-vi-thom-ngon-chuan-vi-bien","title":{"rendered":"Kh\u00f4 C\u00e1 \u0110u\u1ed1i T\u1ea9m V\u1ecb \u2013 Th\u01a1m Ngon Chu\u1ea9n V\u1ecb Bi\u1ec3n"},"content":{"rendered":"<p data-start=\"177\" data-end=\"205\"><strong data-start=\"177\" data-end=\"203\">\ud83d\udcb0 Gi\u00e1: 330.000\u0111 \/ 1kg<\/strong><\/p>\n<h3 data-start=\"207\" data-end=\"234\">\ud83c\udf0a <strong data-start=\"214\" data-end=\"234\">\u0110\u1eb7c \u0111i\u1ec3m n\u1ed5i b\u1eadt<\/strong><\/h3>\n<ul data-start=\"235\" data-end=\"542\">\n<li data-start=\"235\" data-end=\"343\">\n<p data-start=\"237\" data-end=\"343\">C\u00e1 \u0111u\u1ed1i t\u01b0\u01a1i \u0111\u01b0\u1ee3c <strong data-start=\"255\" data-end=\"280\">t\u1ea9m \u01b0\u1edbp gia v\u1ecb \u0111\u1eadm \u0111\u00e0<\/strong>, ph\u01a1i kh\u00f4 v\u1eeba ph\u1ea3i gi\u00fap <strong data-start=\"305\" data-end=\"340\">th\u1ecbt c\u00e1 th\u01a1m, d\u1ebbo v\u00e0 kh\u00f4ng tanh<\/strong>.<\/p>\n<\/li>\n<li data-start=\"344\" data-end=\"450\">\n<p data-start=\"346\" data-end=\"450\">H\u01b0\u01a1ng v\u1ecb h\u00f2a quy\u1ec7n gi\u1eefa <strong data-start=\"370\" data-end=\"393\">v\u1ecb m\u1eb7n nh\u1eb9 c\u1ee7a bi\u1ec3n<\/strong> v\u00e0 <strong data-start=\"397\" data-end=\"431\">m\u00f9i th\u01a1m \u0111\u1eb7c tr\u01b0ng c\u1ee7a c\u00e1 \u0111u\u1ed1i<\/strong>, c\u1ef1c k\u1ef3 h\u1ea5p d\u1eabn.<\/p>\n<\/li>\n<li data-start=\"451\" data-end=\"542\">\n<p data-start=\"453\" data-end=\"542\">S\u1ea3n ph\u1ea9m <strong data-start=\"462\" data-end=\"485\">kh\u00f4ng ch\u1ea5t b\u1ea3o qu\u1ea3n<\/strong>, \u0111\u1ea3m b\u1ea3o an to\u00e0n, h\u1ee3p v\u1ec7 sinh, ph\u00f9 h\u1ee3p cho m\u1ecdi gia \u0111\u00ecnh.<\/p>\n<\/li>\n<\/ul>\n<h3 data-start=\"544\" data-end=\"568\">\ud83e\uddca <strong data-start=\"551\" data-end=\"568\">C\u00e1ch b\u1ea3o qu\u1ea3n<\/strong><\/h3>\n<ul data-start=\"569\" data-end=\"709\">\n<li data-start=\"569\" data-end=\"647\">\n<p data-start=\"571\" data-end=\"647\">B\u1ea3o qu\u1ea3n <strong data-start=\"580\" data-end=\"604\">ng\u0103n \u0111\u00f4ng \u0111\u00e1 t\u1ee7 l\u1ea1nh<\/strong> \u0111\u1ec3 gi\u1eef \u0111\u01b0\u1ee3c l\u00e2u v\u00e0 \u0111\u1ea3m b\u1ea3o \u0111\u1ed9 t\u01b0\u01a1i ngon.<\/p>\n<\/li>\n<li data-start=\"648\" data-end=\"709\">\n<p data-start=\"650\" data-end=\"709\">Khi d\u00f9ng ch\u1ec9 c\u1ea7n r\u00e3 \u0111\u00f4ng, c\u00e1 v\u1eabn th\u01a1m ngon nh\u01b0 m\u1edbi t\u1ea9m \u01b0\u1edbp.<\/p>\n<\/li>\n<\/ul>\n<h3 data-start=\"711\" data-end=\"736\">\ud83c\udf7d\ufe0f <strong data-start=\"719\" data-end=\"736\">C\u00e1ch ch\u1ebf bi\u1ebfn<\/strong><\/h3>\n<ul data-start=\"737\" data-end=\"944\">\n<li data-start=\"737\" data-end=\"865\">\n<p data-start=\"739\" data-end=\"865\"><strong data-start=\"739\" data-end=\"796\">N\u01b0\u1edbng than, chi\u00ean ho\u1eb7c n\u01b0\u1edbng b\u1eb1ng n\u1ed3i chi\u00ean kh\u00f4ng d\u1ea7u<\/strong> \u2013 d\u1eady m\u00f9i th\u01a1m n\u1ee9c m\u0169i, \u0103n c\u00f9ng t\u01b0\u01a1ng \u1edbt ho\u1eb7c m\u1eafm me l\u00e0 \u201ch\u1ebft s\u1ea9y\u201d!<\/p>\n<\/li>\n<li data-start=\"866\" data-end=\"944\">\n<p data-start=\"868\" data-end=\"944\"><strong data-start=\"868\" data-end=\"894\">L\u00e0m g\u1ecfi c\u00e1 \u0111u\u1ed1i t\u1ea9m v\u1ecb<\/strong> \u2013 m\u00f3n \u0103n l\u1ea1 mi\u1ec7ng, cay nh\u1eb9, \u0111\u1eadm \u0111\u00e0 h\u01b0\u01a1ng v\u1ecb bi\u1ec3n.<\/p>\n<\/li>\n<\/ul>\n<h3 data-start=\"946\" data-end=\"978\">\ud83d\ude9a <strong data-start=\"953\" data-end=\"978\">\u0110\u1eb7t h\u00e0ng ngay h\u00f4m nay<\/strong><\/h3>\n<ul data-start=\"979\" data-end=\"1063\">\n<li data-start=\"979\" data-end=\"1002\">\n<p data-start=\"981\" data-end=\"1002\">Giao h\u00e0ng to\u00e0n qu\u1ed1c<\/p>\n<\/li>\n<li data-start=\"1003\" data-end=\"1063\">\n<p data-start=\"1005\" data-end=\"1063\">Cam k\u1ebft <strong data-start=\"1013\" data-end=\"1061\">h\u00e0ng t\u01b0\u01a1i \u2013 \u0111\u00fang tr\u1ecdng l\u01b0\u1ee3ng \u2013 \u0111\u00fang h\u01b0\u01a1ng v\u1ecb<\/strong><\/p>\n<\/li>\n<\/ul>\n","protected":false},"excerpt":{"rendered":"<p>\ud83d\udcb0 Gi\u00e1: 330.000\u0111 \/ 1kg \ud83c\udf0a \u0110\u1eb7c \u0111i\u1ec3m n\u1ed5i b\u1eadt C\u00e1 \u0111u\u1ed1i t\u01b0\u01a1i \u0111\u01b0\u1ee3c t\u1ea9m \u01b0\u1edbp gia v\u1ecb \u0111\u1eadm \u0111\u00e0, ph\u01a1i kh\u00f4 v\u1eeba ph\u1ea3i gi\u00fap th\u1ecbt c\u00e1 th\u01a1m, d\u1ebbo v\u00e0 kh\u00f4ng tanh. H\u01b0\u01a1ng v\u1ecb h\u00f2a quy\u1ec7n gi\u1eefa v\u1ecb m\u1eb7n nh\u1eb9 c\u1ee7a bi\u1ec3n v\u00e0 m\u00f9i th\u01a1m \u0111\u1eb7c tr\u01b0ng c\u1ee7a c\u00e1 \u0111u\u1ed1i, c\u1ef1c k\u1ef3 h\u1ea5p d\u1eabn. S\u1ea3n&#8230;<\/p>\n","protected":false},"featured_media":1333,"comment_status":"open","ping_status":"closed","template":"","meta":[],"product_cat":[81],"product_tag":[82],"class_list":{"0":"post-1332","1":"product","2":"type-product","3":"status-publish","4":"has-post-thumbnail","6":"product_cat-kho-ca-duoi","7":"product_tag-khocaduoi","9":"first","10":"instock","11":"shipping-taxable","12":"purchasable","13":"product-type-simple"},"_links":{"self":[{"href":"https:\/\/jackdukyshop.com\/index.php?rest_route=\/wp\/v2\/product\/1332","targetHints":{"allow":["GET"]}}],"collection":[{"href":"https:\/\/jackdukyshop.com\/index.php?rest_route=\/wp\/v2\/product"}],"about":[{"href":"https:\/\/jackdukyshop.com\/index.php?rest_route=\/wp\/v2\/types\/product"}],"replies":[{"embeddable":true,"href":"https:\/\/jackdukyshop.com\/index.php?rest_route=%2Fwp%2Fv2%2Fcomments&post=1332"}],"wp:featuredmedia":[{"embeddable":true,"href":"https:\/\/jackdukyshop.com\/index.php?rest_route=\/wp\/v2\/media\/1333"}],"wp:attachment":[{"href":"https:\/\/jackdukyshop.com\/index.php?rest_route=%2Fwp%2Fv2%2Fmedia&parent=1332"}],"wp:term":[{"taxonomy":"product_cat","embeddable":true,"href":"https:\/\/jackdukyshop.com\/index.php?rest_route=%2Fwp%2Fv2%2Fproduct_cat&post=1332"},{"taxonomy":"product_tag","embeddable":true,"href":"https:\/\/jackdukyshop.com\/index.php?rest_route=%2Fwp%2Fv2%2Fproduct_tag&post=1332"}],"curies":[{"name":"wp","href":"https:\/\/api.w.org\/{rel}","templated":true}]}}