{"id":1340,"date":"2025-10-29T13:31:28","date_gmt":"2025-10-29T13:31:28","guid":{"rendered":"https:\/\/jackduky.com\/?post_type=product&#038;p=1340"},"modified":"2025-10-29T13:31:28","modified_gmt":"2025-10-29T13:31:28","slug":"kho-ca-lac-15-nang-deo-thom-ngot-tu-nhien","status":"publish","type":"product","link":"https:\/\/jackdukyshop.com\/?product=kho-ca-lac-15-nang-deo-thom-ngot-tu-nhien","title":{"rendered":"KH\u00d4 C\u00c1 L\u1ea0C 1,5 N\u1eaeNG \u2013 D\u1ebaO TH\u01a0M, NG\u1eccT T\u1ef0 NHI\u00caN"},"content":{"rendered":"<p data-start=\"188\" data-end=\"214\"><strong data-start=\"188\" data-end=\"214\">\ud83d\udcb0 Gi\u00e1: 290.000\u0111 \/ 1kg<\/strong><\/p>\n<hr data-start=\"216\" data-end=\"219\" \/>\n<h3 data-start=\"221\" data-end=\"248\">\ud83c\udf1e <strong data-start=\"228\" data-end=\"248\">\u0110\u1eb7c \u0111i\u1ec3m n\u1ed5i b\u1eadt<\/strong><\/h3>\n<ul data-start=\"249\" data-end=\"541\">\n<li data-start=\"249\" data-end=\"363\">\n<p data-start=\"251\" data-end=\"363\">C\u00e1 l\u1ea1c t\u01b0\u01a1i \u0111\u01b0\u1ee3c <strong data-start=\"268\" data-end=\"290\">ph\u01a1i \u0111\u00fang 1,5 n\u1eafng<\/strong> \u2013 v\u1eeba se m\u1eb7t ngo\u00e0i, b\u00ean trong v\u1eabn gi\u1eef \u0111\u01b0\u1ee3c \u0111\u1ed9 d\u1ebbo v\u00e0 v\u1ecb ng\u1ecdt t\u1ef1 nhi\u00ean.<\/p>\n<\/li>\n<li data-start=\"364\" data-end=\"455\">\n<p data-start=\"366\" data-end=\"455\"><strong data-start=\"366\" data-end=\"400\">Th\u1ecbt c\u00e1 tr\u1eafng, th\u01a1m v\u00e0 b\u00e9o nh\u1eb9<\/strong>, khi chi\u00ean l\u00ean v\u00e0ng gi\u00f2n, m\u00f9i th\u01a1m lan t\u1ecfa c\u1ef1c cu\u1ed1n.<\/p>\n<\/li>\n<li data-start=\"456\" data-end=\"541\">\n<p data-start=\"458\" data-end=\"541\"><strong data-start=\"458\" data-end=\"497\">Kh\u00f4ng ch\u1ea5t b\u1ea3o qu\u1ea3n, kh\u00f4ng ph\u1ea9m m\u00e0u<\/strong>, \u0111\u1ea3m b\u1ea3o v\u1ec7 sinh v\u00e0 an to\u00e0n cho s\u1ee9c kh\u1ecfe.<\/p>\n<\/li>\n<\/ul>\n<hr data-start=\"543\" data-end=\"546\" \/>\n<h3 data-start=\"548\" data-end=\"572\">\ud83e\uddca <strong data-start=\"555\" data-end=\"572\">C\u00e1ch b\u1ea3o qu\u1ea3n<\/strong><\/h3>\n<ul data-start=\"573\" data-end=\"718\">\n<li data-start=\"573\" data-end=\"648\">\n<p data-start=\"575\" data-end=\"648\">B\u1ea3o qu\u1ea3n trong <strong data-start=\"590\" data-end=\"611\">ng\u0103n \u0111\u00f4ng t\u1ee7 l\u1ea1nh<\/strong> \u0111\u1ec3 gi\u1eef \u0111\u01b0\u1ee3c h\u01b0\u01a1ng v\u1ecb ngon l\u00e2u d\u00e0i.<\/p>\n<\/li>\n<li data-start=\"649\" data-end=\"718\">\n<p data-start=\"651\" data-end=\"718\">Khi d\u00f9ng ch\u1ec9 c\u1ea7n r\u00e3 \u0111\u00f4ng t\u1ef1 nhi\u00ean, c\u00e1 v\u1eabn t\u01b0\u01a1i v\u00e0 d\u1ebbo nh\u01b0 m\u1edbi ph\u01a1i.<\/p>\n<\/li>\n<\/ul>\n<hr data-start=\"720\" data-end=\"723\" \/>\n<h3 data-start=\"725\" data-end=\"750\">\ud83c\udf7d\ufe0f <strong data-start=\"733\" data-end=\"750\">C\u00e1ch ch\u1ebf bi\u1ebfn<\/strong><\/h3>\n<ul data-start=\"751\" data-end=\"977\">\n<li data-start=\"751\" data-end=\"815\">\n<p data-start=\"753\" data-end=\"815\"><strong data-start=\"753\" data-end=\"767\">Chi\u00ean t\u01b0\u01a1i<\/strong> \u0103n k\u00e8m c\u01a1m n\u00f3ng \u2013 \u0111\u01a1n gi\u1ea3n m\u00e0 ngon \u201ch\u1ebft s\u1ea9y\u201d.<\/p>\n<\/li>\n<li data-start=\"816\" data-end=\"902\">\n<p data-start=\"818\" data-end=\"902\"><strong data-start=\"818\" data-end=\"836\">L\u00e0m g\u1ecfi c\u00e1 l\u1ea1c<\/strong> tr\u1ed9n xo\u00e0i xanh \u2013 v\u1ecb chua cay m\u1eb7n ng\u1ecdt h\u00f2a quy\u1ec7n, c\u1ef1c k\u1ef3 b\u1eaft v\u1ecb.<\/p>\n<\/li>\n<li data-start=\"903\" data-end=\"977\">\n<p data-start=\"905\" data-end=\"977\">C\u00f3 th\u1ec3 <strong data-start=\"912\" data-end=\"941\">n\u01b0\u1edbng ho\u1eb7c rim m\u1eafm t\u1ecfi \u1edbt<\/strong> \u0111\u1ec3 \u0111\u1ed5i kh\u1ea9u v\u1ecb cho b\u1eefa \u0103n gia \u0111\u00ecnh.<\/p>\n<\/li>\n<\/ul>\n<hr data-start=\"979\" data-end=\"982\" \/>\n<h3 data-start=\"984\" data-end=\"1016\">\ud83d\ude9a <strong data-start=\"991\" data-end=\"1016\">\u0110\u1eb7t h\u00e0ng ngay h\u00f4m nay<\/strong><\/h3>\n<ul data-start=\"1017\" data-end=\"1123\">\n<li data-start=\"1017\" data-end=\"1052\">\n<p data-start=\"1019\" data-end=\"1052\">Giao h\u00e0ng to\u00e0n qu\u1ed1c nhanh ch\u00f3ng<\/p>\n<\/li>\n<li data-start=\"1053\" data-end=\"1123\">\n<p data-start=\"1055\" data-end=\"1123\">Cam k\u1ebft <strong data-start=\"1063\" data-end=\"1123\">h\u00e0ng chu\u1ea9n \u2013 s\u1ea1ch \u2013 \u0111\u00fang tr\u1ecdng l\u01b0\u1ee3ng \u2013 \u0111\u00fang v\u1ecb mi\u1ec1n bi\u1ec3n<\/strong><\/p>\n<\/li>\n<\/ul>\n","protected":false},"excerpt":{"rendered":"<p>\ud83d\udcb0 Gi\u00e1: 290.000\u0111 \/ 1kg \ud83c\udf1e \u0110\u1eb7c \u0111i\u1ec3m n\u1ed5i b\u1eadt C\u00e1 l\u1ea1c t\u01b0\u01a1i \u0111\u01b0\u1ee3c ph\u01a1i \u0111\u00fang 1,5 n\u1eafng \u2013 v\u1eeba se m\u1eb7t ngo\u00e0i, b\u00ean trong v\u1eabn gi\u1eef \u0111\u01b0\u1ee3c \u0111\u1ed9 d\u1ebbo v\u00e0 v\u1ecb ng\u1ecdt t\u1ef1 nhi\u00ean. Th\u1ecbt c\u00e1 tr\u1eafng, th\u01a1m v\u00e0 b\u00e9o nh\u1eb9, khi chi\u00ean l\u00ean v\u00e0ng gi\u00f2n, m\u00f9i th\u01a1m lan t\u1ecfa c\u1ef1c cu\u1ed1n. Kh\u00f4ng ch\u1ea5t&#8230;<\/p>\n","protected":false},"featured_media":1341,"comment_status":"open","ping_status":"closed","template":"","meta":[],"product_cat":[84],"product_tag":[],"class_list":{"0":"post-1340","1":"product","2":"type-product","3":"status-publish","4":"has-post-thumbnail","6":"product_cat-kho-ca-lac","8":"first","9":"instock","10":"shipping-taxable","11":"purchasable","12":"product-type-simple"},"_links":{"self":[{"href":"https:\/\/jackdukyshop.com\/index.php?rest_route=\/wp\/v2\/product\/1340","targetHints":{"allow":["GET"]}}],"collection":[{"href":"https:\/\/jackdukyshop.com\/index.php?rest_route=\/wp\/v2\/product"}],"about":[{"href":"https:\/\/jackdukyshop.com\/index.php?rest_route=\/wp\/v2\/types\/product"}],"replies":[{"embeddable":true,"href":"https:\/\/jackdukyshop.com\/index.php?rest_route=%2Fwp%2Fv2%2Fcomments&post=1340"}],"wp:featuredmedia":[{"embeddable":true,"href":"https:\/\/jackdukyshop.com\/index.php?rest_route=\/wp\/v2\/media\/1341"}],"wp:attachment":[{"href":"https:\/\/jackdukyshop.com\/index.php?rest_route=%2Fwp%2Fv2%2Fmedia&parent=1340"}],"wp:term":[{"taxonomy":"product_cat","embeddable":true,"href":"https:\/\/jackdukyshop.com\/index.php?rest_route=%2Fwp%2Fv2%2Fproduct_cat&post=1340"},{"taxonomy":"product_tag","embeddable":true,"href":"https:\/\/jackdukyshop.com\/index.php?rest_route=%2Fwp%2Fv2%2Fproduct_tag&post=1340"}],"curies":[{"name":"wp","href":"https:\/\/api.w.org\/{rel}","templated":true}]}}