{"id":1355,"date":"2025-11-15T00:26:25","date_gmt":"2025-11-15T00:26:25","guid":{"rendered":"https:\/\/jackdukyshop.com\/?post_type=product&#038;p=1355"},"modified":"2025-11-15T00:26:26","modified_gmt":"2025-11-15T00:26:26","slug":"mam-ruoc-soi-dac-san-dam-da-huong-bien","status":"publish","type":"product","link":"https:\/\/jackdukyshop.com\/?product=mam-ruoc-soi-dac-san-dam-da-huong-bien","title":{"rendered":"M\u1eaeM RU\u1ed0C S\u1eceI \u2013 \u0110\u1eb6C S\u1ea2N \u0110\u1eacM \u0110\u00c0 H\u01af\u01a0NG BI\u1ec2N"},"content":{"rendered":"<p data-start=\"186\" data-end=\"368\">\ud83d\udd38 <strong data-start=\"189\" data-end=\"214\">Th\u01a1m \u2013 \u0111\u1eadm \u2013 chu\u1ea9n v\u1ecb<\/strong>, l\u00e0m t\u1eeb <strong data-start=\"223\" data-end=\"241\">ru\u1ed1c bi\u1ec3n t\u01b0\u01a1i<\/strong>, mu\u1ed1i v\u00e0 gia v\u1ecb theo c\u00f4ng th\u1ee9c truy\u1ec1n th\u1ed1ng.<br data-start=\"286\" data-end=\"289\" \/>\ud83d\udd38 D\u00f9ng \u0111\u1ec3 <strong data-start=\"300\" data-end=\"346\">x\u00e0o, kho, ch\u01b0ng, l\u00e0m n\u01b0\u1edbc ch\u1ea5m, tr\u1ed9n xo\u00e0i\u2026<\/strong> m\u00f3n n\u00e0o c\u0169ng b\u00f9ng v\u1ecb!<\/p>\n<hr data-start=\"370\" data-end=\"373\" \/>\n<h3 data-start=\"375\" data-end=\"403\"><strong data-start=\"379\" data-end=\"401\">H\u01af\u1edaNG D\u1eaaN B\u1ea2O QU\u1ea2N<\/strong><\/h3>\n<p data-start=\"404\" data-end=\"576\">\u2022 \u0110\u1ec3 n\u01a1i tho\u00e1ng m\u00e1t, <strong data-start=\"425\" data-end=\"440\">\u0111\u1eady k\u00edn n\u1eafp<\/strong>.<br data-start=\"441\" data-end=\"444\" \/>\u2022 Sau khi m\u1edf n\u1eafp: n\u00ean <strong data-start=\"466\" data-end=\"486\">b\u1ea3o qu\u1ea3n t\u1ee7 l\u1ea1nh<\/strong> \u0111\u1ec3 d\u00f9ng l\u00e2u v\u00e0 gi\u1eef tr\u1ecdn h\u01b0\u01a1ng v\u1ecb.<br data-start=\"520\" data-end=\"523\" \/>\u2022 Khi m\u00fac: d\u00f9ng <strong data-start=\"539\" data-end=\"553\">mu\u1ed7ng s\u1ea1ch<\/strong> \u0111\u1ec3 \u0111\u1ea3m b\u1ea3o ch\u1ea5t l\u01b0\u1ee3ng.<\/p>\n<hr data-start=\"578\" data-end=\"581\" \/>\n<p data-start=\"583\" data-end=\"658\">\ud83d\udc49 <strong data-start=\"586\" data-end=\"618\">Gi\u00e1 si\u00eau h\u1ee3p l\u00fd: 69k\/h\u0169 500g<\/strong><br data-start=\"618\" data-end=\"621\" \/>\ud83d\udc49 H\u00e0ng chu\u1ea9n \u2013 th\u01a1m \u2013 s\u1ea1ch \u2013 an to\u00e0n<\/p>\n<p data-start=\"660\" data-end=\"725\"><strong data-start=\"660\" data-end=\"720\">\u0110\u1eb7t ngay \u0111\u1ec3 th\u01b0\u1edfng tr\u1ecdn v\u1ecb m\u1eafm ru\u1ed1c s\u1ecfi chu\u1ea9n mi\u1ec1n bi\u1ec3n!<\/strong> \ud83c\udf0a\ud83d\udd25<\/p>\n","protected":false},"excerpt":{"rendered":"<p>\ud83d\udd38 Th\u01a1m \u2013 \u0111\u1eadm \u2013 chu\u1ea9n v\u1ecb, l\u00e0m t\u1eeb ru\u1ed1c bi\u1ec3n t\u01b0\u01a1i, mu\u1ed1i v\u00e0 gia v\u1ecb theo c\u00f4ng th\u1ee9c truy\u1ec1n th\u1ed1ng.\ud83d\udd38 D\u00f9ng \u0111\u1ec3 x\u00e0o, kho, ch\u01b0ng, l\u00e0m n\u01b0\u1edbc ch\u1ea5m, tr\u1ed9n xo\u00e0i\u2026 m\u00f3n n\u00e0o c\u0169ng b\u00f9ng v\u1ecb! H\u01af\u1edaNG D\u1eaaN B\u1ea2O QU\u1ea2N \u2022 \u0110\u1ec3 n\u01a1i tho\u00e1ng m\u00e1t, \u0111\u1eady k\u00edn n\u1eafp.\u2022 Sau khi m\u1edf n\u1eafp: n\u00ean b\u1ea3o qu\u1ea3n&#8230;<\/p>\n","protected":false},"featured_media":1356,"comment_status":"open","ping_status":"closed","template":"","meta":[],"product_cat":[65],"product_tag":[],"class_list":{"0":"post-1355","1":"product","2":"type-product","3":"status-publish","4":"has-post-thumbnail","6":"product_cat-dac-san-theo-mua","8":"first","9":"instock","10":"shipping-taxable","11":"purchasable","12":"product-type-simple"},"_links":{"self":[{"href":"https:\/\/jackdukyshop.com\/index.php?rest_route=\/wp\/v2\/product\/1355","targetHints":{"allow":["GET"]}}],"collection":[{"href":"https:\/\/jackdukyshop.com\/index.php?rest_route=\/wp\/v2\/product"}],"about":[{"href":"https:\/\/jackdukyshop.com\/index.php?rest_route=\/wp\/v2\/types\/product"}],"replies":[{"embeddable":true,"href":"https:\/\/jackdukyshop.com\/index.php?rest_route=%2Fwp%2Fv2%2Fcomments&post=1355"}],"wp:featuredmedia":[{"embeddable":true,"href":"https:\/\/jackdukyshop.com\/index.php?rest_route=\/wp\/v2\/media\/1356"}],"wp:attachment":[{"href":"https:\/\/jackdukyshop.com\/index.php?rest_route=%2Fwp%2Fv2%2Fmedia&parent=1355"}],"wp:term":[{"taxonomy":"product_cat","embeddable":true,"href":"https:\/\/jackdukyshop.com\/index.php?rest_route=%2Fwp%2Fv2%2Fproduct_cat&post=1355"},{"taxonomy":"product_tag","embeddable":true,"href":"https:\/\/jackdukyshop.com\/index.php?rest_route=%2Fwp%2Fv2%2Fproduct_tag&post=1355"}],"curies":[{"name":"wp","href":"https:\/\/api.w.org\/{rel}","templated":true}]}}