{"id":1362,"date":"2026-01-09T06:09:11","date_gmt":"2026-01-09T06:09:11","guid":{"rendered":"https:\/\/jackdukyshop.com\/?post_type=product&#038;p=1362"},"modified":"2026-01-09T06:09:11","modified_gmt":"2026-01-09T06:09:11","slug":"tom-kho-bac-dat-loai-vip","status":"publish","type":"product","link":"https:\/\/jackdukyshop.com\/?product=tom-kho-bac-dat-loai-vip","title":{"rendered":"T\u00f4m kh\u00f4 b\u1ea1c \u0111\u1ea5t lo\u1ea1i vip"},"content":{"rendered":"<div class=\"chat-item flx  chat-item-audit chat-item-spacing --s1 \">\n<div class=\"chat-content flx flx-col flx-cell chat-content-audit\">\n<div id=\"bb_msg_id_1767938670471\" class=\"chat-message chat-message-v2 wrap-message rotate-container -send-time -reaction\" data-component=\"bubble-message\">\n<div class=\"message-wrapper\">\n<div class=\"message-content-wrapper\">\n<div class=\"message-content-render focused-background\">\n<div id=\"message-frame_1767938670471\" class=\" card shadow-bubble message-frame focused-item focused-item--has-border\" data-component=\"message-content-view\" data-qid=\"7412907419754@1767938670471_4923590629669573754_4923590629669573754\">\n<div class=\"\" data-id=\"div_DisabledTargetEventLayer\">\n<div class=\"message-action\">\n<div id=\"text-mCntr_7412907419754-1767938670471-4923590629669573754-4923590629669573754\" class=\"text-message__container\" data-id=\"div_ReceivedMsg_Text\">\n<div class=\"overflow-hidden\" data-component=\"message-text-content\">\n<p data-start=\"156\" data-end=\"216\"><strong data-start=\"156\" data-end=\"216\">T\u00d4M KH\u00d4 B\u1ea0C \u0110\u1ea4T THI\u00caN NHI\u00caN \u2013 \u0110\u1eb6C S\u1ea2N MI\u1ec0N T\u00c2Y CH\u00cdNH G\u1ed0C<\/strong><\/p>\n<p data-start=\"218\" data-end=\"508\">T\u00f4m kh\u00f4 b\u1ea1c \u0111\u1ea5t thi\u00ean nhi\u00ean l\u00e0 \u0111\u1eb7c s\u1ea3n d\u00e2n d\u00e3 tr\u1ee9 danh c\u1ee7a v\u00f9ng s\u00f4ng n\u01b0\u1edbc mi\u1ec1n T\u00e2y, \u0111\u01b0\u1ee3c l\u00e0m <strong data-start=\"311\" data-end=\"343\">100% t\u1eeb t\u00f4m b\u1ea1c \u0111\u1ea5t t\u1ef1 nhi\u00ean<\/strong> sinh s\u1ed1ng t\u1ea1i ru\u1ed9ng \u0111\u1ed3ng, k\u00eanh r\u1ea1ch n\u01b0\u1edbc l\u1ee3. T\u00f4m c\u00f3 k\u00edch c\u1ee1 nh\u1ecf v\u1eeba, <strong data-start=\"413\" data-end=\"461\">v\u1ecf m\u1ecfng \u2013 th\u1ecbt ch\u1eafc \u2013 v\u1ecb ng\u1ecdt thanh t\u1ef1 nhi\u00ean<\/strong>, kh\u00e1c bi\u1ec7t r\u00f5 r\u1ec7t so v\u1edbi t\u00f4m nu\u00f4i c\u00f4ng nghi\u1ec7p.<\/p>\n<p data-start=\"510\" data-end=\"830\">Sau khi \u0111\u00e1nh b\u1eaft, t\u00f4m \u0111\u01b0\u1ee3c <strong data-start=\"537\" data-end=\"564\">lu\u1ed9c b\u1eb1ng n\u01b0\u1edbc mu\u1ed1i nh\u1eb9<\/strong>, <strong data-start=\"566\" data-end=\"606\">kh\u00f4ng ph\u1ea9m m\u00e0u \u2013 kh\u00f4ng ch\u1ea5t b\u1ea3o qu\u1ea3n<\/strong>, r\u1ed3i <strong data-start=\"612\" data-end=\"645\">ph\u01a1i n\u1eafng t\u1ef1 nhi\u00ean nhi\u1ec1u l\u01b0\u1ee3t<\/strong> \u0111\u1ebfn khi kh\u00f4 \u0111\u1ec1u. Nh\u1edd quy tr\u00ecnh truy\u1ec1n th\u1ed1ng n\u00e0y, t\u00f4m kh\u00f4 th\u00e0nh ph\u1ea9m c\u00f3 <strong data-start=\"717\" data-end=\"741\">m\u00e0u \u0111\u1ecf h\u1ed3ng t\u1ef1 nhi\u00ean<\/strong>, m\u00f9i th\u01a1m d\u1ecbu, <strong data-start=\"757\" data-end=\"774\">kh\u00f4ng h\u00f4i d\u1ea7u<\/strong>, khi \u0103n <strong data-start=\"783\" data-end=\"829\">ng\u1ecdt \u0111\u1eadm \u2013 dai v\u1eeba \u2013 h\u1eadu b\u00e9o r\u1ea5t \u0111\u1eb7c tr\u01b0ng<\/strong>.<\/p>\n<p data-start=\"832\" data-end=\"867\"><strong data-start=\"832\" data-end=\"867\">\u1ee8ng d\u1ee5ng \u0111a d\u1ea1ng trong \u1ea9m th\u1ef1c:<\/strong><\/p>\n<ul data-start=\"868\" data-end=\"1028\">\n<li data-start=\"868\" data-end=\"914\">\n<p data-start=\"870\" data-end=\"914\">N\u1ea5u canh rau t\u1eadp t\u00e0ng, canh b\u1ea7u, canh chua<\/p>\n<\/li>\n<li data-start=\"915\" data-end=\"957\">\n<p data-start=\"917\" data-end=\"957\">Tr\u1ed9n g\u1ecfi, l\u00e0m t\u00f4m kh\u00f4 c\u1ee7 ki\u1ec7u ng\u00e0y T\u1ebft<\/p>\n<\/li>\n<li data-start=\"958\" data-end=\"1028\">\n<p data-start=\"960\" data-end=\"1028\">\u0102n k\u00e8m c\u1ee7 c\u1ea3i mu\u1ed1i, ho\u1eb7c <strong data-start=\"985\" data-end=\"1028\">ch\u1ea5m mu\u1ed1i ti\u00eau chanh lai rai c\u1ef1c b\u1eaft v\u1ecb<\/strong><\/p>\n<\/li>\n<\/ul>\n<p data-start=\"1030\" data-end=\"1213\">Kh\u00f4ng ch\u1ec9 ngon, t\u00f4m kh\u00f4 b\u1ea1c \u0111\u1ea5t c\u00f2n <strong data-start=\"1066\" data-end=\"1096\">gi\u00e0u \u0111\u1ea1m v\u00e0 canxi t\u1ef1 nhi\u00ean<\/strong>, l\u00e0 nguy\u00ean li\u1ec7u quen thu\u1ed9c trong b\u1eefa c\u01a1m qu\u00ea, g\u1ee3i nh\u1edb tr\u1ecdn v\u1eb9n <strong data-start=\"1160\" data-end=\"1212\">h\u01b0\u01a1ng v\u1ecb mi\u1ec1n T\u00e2y m\u1ed9c m\u1ea1c \u2013 ch\u00e2n ch\u1ea5t \u2013 kh\u00f3 qu\u00ean<\/strong>.<\/p>\n<p data-start=\"1215\" data-end=\"1335\">\ud83d\udc49 <strong data-start=\"1218\" data-end=\"1280\">Ph\u00f9 h\u1ee3p l\u00e0m qu\u00e0 bi\u1ebfu sang tr\u1ecdng, d\u00f9ng cho b\u1eefa c\u01a1m gia \u0111\u00ecnh<\/strong><br data-start=\"1280\" data-end=\"1283\" \/>\ud83d\udc49 <strong data-start=\"1286\" data-end=\"1330\">Ai \u0103n r\u1ed3i c\u0169ng nh\u1edb ho\u00e0i h\u01b0\u01a1ng v\u1ecb qu\u00ea nh\u00e0<\/strong> \ud83c\udf3e\ud83e\udd90<br \/>\nL\u01afU \u00dd: GI\u00c1 C\u00d3 TH\u1ec2 L\u00caN XU\u1ed0NG TU\u1ef2 THEO TH\u1edcI \u0110I\u1ec2M<\/p>\n<p data-start=\"1215\" data-end=\"1335\"><img loading=\"lazy\" decoding=\"async\" class=\"alignnone size-full wp-image-1363\" src=\"http:\/\/jackdukyshop.com\/wp-content\/uploads\/2026\/01\/1.jpg\" alt=\"\" width=\"1290\" height=\"1388\" \/><\/p>\n<p data-start=\"1215\" data-end=\"1335\">\n<\/div>\n<\/div>\n<\/div>\n<div class=\"message-reaction-container message-reaction-container-v2 has-reacts has-send-time  show-react-btn always-display \">\n<div class=\"reacts-list reaction-shadow \" data-id=\"div_ReceivedMsg.ReactList\" aria-describedby=\"mui-tooltip-82178\">\n<div class=\"react-icon-list\"><\/div>\n<\/div>\n<div id=\"reaction-btn-7412907419754\" data-id=\"btn_ReceivedMsg_React\">\n<div class=\"emoji-list-wrapper hide-elist\">\n<div class=\"reaction-emoji-bottom\"><\/div>\n<\/div>\n<\/div>\n<\/div>\n<\/div>\n<\/div>\n<div class=\"floating-menu-wrapper floating-menu-wrapper--other\">\n<div>\n<div class=\"MQA-container\">\n<div class=\"MQA-contents\">\n<div class=\"MSABtn-btn\" title=\"Tr\u1ea3 l\u1eddi\" data-translate-title=\"STR_REPLY_MSG\">\n<div class=\"MSABtn-btn-icon-wrapper\"><\/div>\n<\/div>\n<div class=\"MSABtn-btn\" title=\"Chia s\u1ebb\" data-translate-title=\"STR_FORWARD_MSG\">\n<div class=\"MSABtn-btn-icon-wrapper\"><\/div>\n<\/div>\n<div class=\"MSABtn-btn\" title=\"Th\u00eam\" data-translate-title=\"STR_MORE_OPTIONS\">\n<div class=\"MSABtn-btn-icon-wrapper\"><\/div>\n<\/div>\n<\/div>\n<\/div>\n<\/div>\n<\/div>\n<\/div>\n<div class=\"message-reaction-v2-space\"><\/div>\n<\/div>\n<\/div>\n<\/div>\n<\/div>\n<\/div>\n<div class=\"chat-item flx  chat-item-audit chat-item-spacing --s2 \">\n<div class=\"chat-content flx flx-col flx-cell chat-content-audit\">\n<div id=\"bb_msg_id_1767938692831\" class=\"chat-message chat-message-v2 wrap-message rotate-container -send-time -reaction\" data-component=\"bubble-message\">\n<div class=\"message-wrapper\">\n<div class=\"message-content-wrapper\">\n<div class=\"message-content-render focused-background\">\n<div id=\"message-frame_1767938692831\" class=\" last-msg card shadow-bubble message-frame focused-item focused-item--has-border\" data-component=\"message-content-view\" data-qid=\"7412908371615@1767938692831_4923590629669573754_4923590629669573754\">\n<div class=\"\" data-id=\"div_DisabledTargetEventLayer\">\n<div class=\"message-action\">\n<div id=\"text-mCntr_7412908371615-1767938692831-4923590629669573754-4923590629669573754\" class=\"text-message__container\" data-id=\"div_ReceivedMsg_Text\">\n<div><\/div>\n<\/div>\n<\/div>\n<\/div>\n<\/div>\n<\/div>\n<\/div>\n<\/div>\n<\/div>\n<\/div>\n<\/div>\n","protected":false},"excerpt":{"rendered":"<p>T\u00d4M KH\u00d4 B\u1ea0C \u0110\u1ea4T THI\u00caN NHI\u00caN \u2013 \u0110\u1eb6C S\u1ea2N MI\u1ec0N T\u00c2Y CH\u00cdNH G\u1ed0C T\u00f4m kh\u00f4 b\u1ea1c \u0111\u1ea5t thi\u00ean nhi\u00ean l\u00e0 \u0111\u1eb7c s\u1ea3n d\u00e2n d\u00e3 tr\u1ee9 danh c\u1ee7a v\u00f9ng s\u00f4ng n\u01b0\u1edbc mi\u1ec1n T\u00e2y, \u0111\u01b0\u1ee3c l\u00e0m 100% t\u1eeb t\u00f4m b\u1ea1c \u0111\u1ea5t t\u1ef1 nhi\u00ean sinh s\u1ed1ng t\u1ea1i ru\u1ed9ng \u0111\u1ed3ng, k\u00eanh r\u1ea1ch n\u01b0\u1edbc l\u1ee3. T\u00f4m c\u00f3 k\u00edch c\u1ee1 nh\u1ecf&#8230;<\/p>\n","protected":false},"featured_media":1364,"comment_status":"open","ping_status":"closed","template":"","meta":[],"product_cat":[65],"product_tag":[],"class_list":{"0":"post-1362","1":"product","2":"type-product","3":"status-publish","4":"has-post-thumbnail","6":"product_cat-dac-san-theo-mua","8":"first","9":"instock","10":"shipping-taxable","11":"purchasable","12":"product-type-simple"},"_links":{"self":[{"href":"https:\/\/jackdukyshop.com\/index.php?rest_route=\/wp\/v2\/product\/1362","targetHints":{"allow":["GET"]}}],"collection":[{"href":"https:\/\/jackdukyshop.com\/index.php?rest_route=\/wp\/v2\/product"}],"about":[{"href":"https:\/\/jackdukyshop.com\/index.php?rest_route=\/wp\/v2\/types\/product"}],"replies":[{"embeddable":true,"href":"https:\/\/jackdukyshop.com\/index.php?rest_route=%2Fwp%2Fv2%2Fcomments&post=1362"}],"wp:featuredmedia":[{"embeddable":true,"href":"https:\/\/jackdukyshop.com\/index.php?rest_route=\/wp\/v2\/media\/1364"}],"wp:attachment":[{"href":"https:\/\/jackdukyshop.com\/index.php?rest_route=%2Fwp%2Fv2%2Fmedia&parent=1362"}],"wp:term":[{"taxonomy":"product_cat","embeddable":true,"href":"https:\/\/jackdukyshop.com\/index.php?rest_route=%2Fwp%2Fv2%2Fproduct_cat&post=1362"},{"taxonomy":"product_tag","embeddable":true,"href":"https:\/\/jackdukyshop.com\/index.php?rest_route=%2Fwp%2Fv2%2Fproduct_tag&post=1362"}],"curies":[{"name":"wp","href":"https:\/\/api.w.org\/{rel}","templated":true}]}}